{"id":1960,"date":"2023-07-13T14:55:54","date_gmt":"2023-07-13T14:55:54","guid":{"rendered":"http:\/\/auditgmp.net\/auditorias-gdp"},"modified":"2023-08-07T15:57:12","modified_gmt":"2023-08-07T15:57:12","slug":"gdp-audits","status":"publish","type":"page","link":"https:\/\/auditgmp.net\/en\/gdp-audits","title":{"rendered":"GDP Audits"},"content":{"rendered":"\n<h1>\n\t\tGDP Audits\n\t<\/h1>\n<h2>\n\t\tGDP &#8211; Good Distribution Practices\n\t<\/h2>\n\t<p>All links in the Drug Distribution chain (from manufacturing\/import to dispensing) must comply with current regulations, given the impact they have on the quality of the drug. The new guidelines include the update of Directive 2011\/62\/UE (published in March 2013) and are mandatory from September 8, 2013.<\/p>\n<p>Among the new aspects, we can highlight the need to have a robust quality system, based on risk analysis and the corresponding monitoring, the requirements for transport, the management of returns, the verification of suppliers, the figure of drug intermediation, etc. In November 2013, the regulations were updated and entered into force on November 24, 2013.<\/p>\n\t\t\t\t<img decoding=\"async\" src=\"https:\/\/auditgmp.net\/\/wp-content\/uploads\/2023\/07\/servicios-auditgmp.jpg\" alt=\"servicios-auditgmp\" itemprop=\"image\" title=\"servicios-auditgmp\" onerror=\"this.style.display='none'\"  \/>\n\t\t\t\t<img decoding=\"async\" src=\"https:\/\/auditgmp.net\/\/wp-content\/uploads\/2023\/07\/gdp-farmaceuticas.jpg\" alt=\"gdp-farmaceuticas\" itemprop=\"image\" title=\"gdp-farmaceuticas\" onerror=\"this.style.display='none'\"  \/>\n\t<p>The Distribution of the Base Substances of the medicines must follow the principles of GDP in the different links to avoid conservation defects, adulterations and breakage of the pharmaceutical chain of protection of the medicine.<\/p>\n<p> Since 2003, the World Health Organization, WHO, published the &#8220;Good Trade and Distribution Practices for Pharmaceutical Starting Materials&#8221; World Health Organization, WHO Technical Report Series, No. 917, 2003, setting the guidelines for a correct distribution of all substances that make up a medicine. <\/p>\n<p>On this basis, the European Union has drawn up a draft Directive for <a href=\"\/wp-content\/uploads\/2023\/07\/2013-02_gdp_for_api_cons.pdf\" target=\"_ blank\" rel=\"noopener\">Correct Distribution of Active Pharmaceutical Substances<\/a> (API) and the International Council on Pharmaceutical Excipients, IPEC, have established Practices for the Correct Distribution of Pharmaceutical Excipients, <a href=\"\/wp-content\/uploads\/2023\/07\/IPEC-GDP_Gu ide_20061.pdf\" target=\"_blank\" rel=\"noopener\">IPEC GDP 2006<\/a>.<\/p>\n\t<p>AuditGMP Pharma has the necessary knowledge, experience and tools to audit the different parties that make up the distribution chain, with the main objective of ensuring correct compliance with Good Distribution Practices.<\/p>\n\n","protected":false},"excerpt":{"rendered":"<div class=\"entry-summary\">\n<div class=\"entry-summary\">\nGDP Audits GDP &#8211; Good Distribution Practices All links in the Drug Distribution chain (from manufacturing\/import to dispensing) must comply with current regulations, given the impact they have on the quality of the drug. The new guidelines include the update&hellip;\n<\/div>\n<div class=\"link-more-container\"><a href=\"https:\/\/auditgmp.net\/en\/gdp-audits\" class=\"link-more\" aria-label=\"Continue reading GDP Audits\">Continue reading&hellip;<\/a><\/div>\n<\/div>\n<div class=\"link-more-container\"><a href=\"https:\/\/auditgmp.net\/en\/gdp-audits\" class=\"link-more\" aria-label=\"Continue reading GDP Audits\">Continue reading&hellip;<\/a><\/div>\n","protected":false},"author":1,"featured_media":0,"parent":0,"menu_order":0,"comment_status":"closed","ping_status":"closed","template":"templates\/builder.php","meta":{"_coblocks_attr":"","_coblocks_dimensions":"","_coblocks_responsive_height":"","_coblocks_accordion_ie_support":"","footnotes":""},"class_list":["post-1960","page","type-page","status-publish","hentry","entry","entry-type-page"],"yoast_head":"<!-- This site is optimized with the Yoast SEO plugin v21.7 - https:\/\/yoast.com\/wordpress\/plugins\/seo\/ -->\n<title>GDP Audits - AuditGMP<\/title>\n<meta name=\"robots\" content=\"index, follow, max-snippet:-1, max-image-preview:large, max-video-preview:-1\" \/>\n<link rel=\"canonical\" href=\"https:\/\/auditgmp.net\/en\/gdp-audits\" \/>\n<meta property=\"og:locale\" content=\"en_US\" \/>\n<meta property=\"og:type\" content=\"article\" \/>\n<meta property=\"og:title\" content=\"GDP Audits - AuditGMP\" \/>\n<meta property=\"og:description\" content=\"GDP Audits GDP &#8211; Good Distribution Practices All links in the Drug Distribution chain (from manufacturing\/import to dispensing) must comply with current regulations, given the impact they have on the quality of the drug. The new guidelines include the update&hellip; Continue reading&hellip;\" \/>\n<meta property=\"og:url\" content=\"https:\/\/auditgmp.net\/en\/gdp-audits\" \/>\n<meta property=\"og:site_name\" content=\"AuditGMP\" \/>\n<meta property=\"article:modified_time\" content=\"2023-08-07T15:57:12+00:00\" \/>\n<meta property=\"og:image\" content=\"https:\/\/auditgmp.net\/\/wp-content\/uploads\/2023\/07\/servicios-auditgmp.jpg\" \/>\n<meta name=\"twitter:card\" content=\"summary_large_image\" \/>\n<script type=\"application\/ld+json\" class=\"yoast-schema-graph\">{\"@context\":\"https:\/\/schema.org\",\"@graph\":[{\"@type\":\"WebPage\",\"@id\":\"https:\/\/auditgmp.net\/en\/gdp-audits\",\"url\":\"https:\/\/auditgmp.net\/en\/gdp-audits\",\"name\":\"GDP Audits - AuditGMP\",\"isPartOf\":{\"@id\":\"https:\/\/auditgmp.net\/en#website\"},\"datePublished\":\"2023-07-13T14:55:54+00:00\",\"dateModified\":\"2023-08-07T15:57:12+00:00\",\"breadcrumb\":{\"@id\":\"https:\/\/auditgmp.net\/en\/gdp-audits#breadcrumb\"},\"inLanguage\":\"en-US\",\"potentialAction\":[{\"@type\":\"ReadAction\",\"target\":[\"https:\/\/auditgmp.net\/en\/gdp-audits\"]}]},{\"@type\":\"BreadcrumbList\",\"@id\":\"https:\/\/auditgmp.net\/en\/gdp-audits#breadcrumb\",\"itemListElement\":[{\"@type\":\"ListItem\",\"position\":1,\"name\":\"Portada\",\"item\":\"https:\/\/auditgmp.net\/en\"},{\"@type\":\"ListItem\",\"position\":2,\"name\":\"GDP Audits\"}]},{\"@type\":\"WebSite\",\"@id\":\"https:\/\/auditgmp.net\/en#website\",\"url\":\"https:\/\/auditgmp.net\/en\",\"name\":\"AuditGMP\",\"description\":\"Servicios de auditor\u00edas y certificaci\u00f3n de cumplimiento GMP a la Industria Farmac\u00e9utica\",\"publisher\":{\"@id\":\"https:\/\/auditgmp.net\/en#organization\"},\"potentialAction\":[{\"@type\":\"SearchAction\",\"target\":{\"@type\":\"EntryPoint\",\"urlTemplate\":\"https:\/\/auditgmp.net\/en?s={search_term_string}\"},\"query-input\":\"required name=search_term_string\"}],\"inLanguage\":\"en-US\"},{\"@type\":\"Organization\",\"@id\":\"https:\/\/auditgmp.net\/en#organization\",\"name\":\"AuditGMP\",\"url\":\"https:\/\/auditgmp.net\/en\",\"logo\":{\"@type\":\"ImageObject\",\"inLanguage\":\"en-US\",\"@id\":\"https:\/\/auditgmp.net\/en#\/schema\/logo\/image\/\",\"url\":\"https:\/\/auditgmp.net\/wp-content\/uploads\/2024\/01\/logo-auditgmp01.png\",\"contentUrl\":\"https:\/\/auditgmp.net\/wp-content\/uploads\/2024\/01\/logo-auditgmp01.png\",\"width\":297,\"height\":75,\"caption\":\"AuditGMP\"},\"image\":{\"@id\":\"https:\/\/auditgmp.net\/en#\/schema\/logo\/image\/\"}}]}<\/script>\n<!-- \/ Yoast SEO plugin. -->","yoast_head_json":{"title":"GDP Audits - AuditGMP","robots":{"index":"index","follow":"follow","max-snippet":"max-snippet:-1","max-image-preview":"max-image-preview:large","max-video-preview":"max-video-preview:-1"},"canonical":"https:\/\/auditgmp.net\/en\/gdp-audits","og_locale":"en_US","og_type":"article","og_title":"GDP Audits - AuditGMP","og_description":"GDP Audits GDP &#8211; Good Distribution Practices All links in the Drug Distribution chain (from manufacturing\/import to dispensing) must comply with current regulations, given the impact they have on the quality of the drug. The new guidelines include the update&hellip; Continue reading&hellip;","og_url":"https:\/\/auditgmp.net\/en\/gdp-audits","og_site_name":"AuditGMP","article_modified_time":"2023-08-07T15:57:12+00:00","og_image":[{"url":"https:\/\/auditgmp.net\/\/wp-content\/uploads\/2023\/07\/servicios-auditgmp.jpg"}],"twitter_card":"summary_large_image","schema":{"@context":"https:\/\/schema.org","@graph":[{"@type":"WebPage","@id":"https:\/\/auditgmp.net\/en\/gdp-audits","url":"https:\/\/auditgmp.net\/en\/gdp-audits","name":"GDP Audits - AuditGMP","isPartOf":{"@id":"https:\/\/auditgmp.net\/en#website"},"datePublished":"2023-07-13T14:55:54+00:00","dateModified":"2023-08-07T15:57:12+00:00","breadcrumb":{"@id":"https:\/\/auditgmp.net\/en\/gdp-audits#breadcrumb"},"inLanguage":"en-US","potentialAction":[{"@type":"ReadAction","target":["https:\/\/auditgmp.net\/en\/gdp-audits"]}]},{"@type":"BreadcrumbList","@id":"https:\/\/auditgmp.net\/en\/gdp-audits#breadcrumb","itemListElement":[{"@type":"ListItem","position":1,"name":"Portada","item":"https:\/\/auditgmp.net\/en"},{"@type":"ListItem","position":2,"name":"GDP Audits"}]},{"@type":"WebSite","@id":"https:\/\/auditgmp.net\/en#website","url":"https:\/\/auditgmp.net\/en","name":"AuditGMP","description":"Servicios de auditor\u00edas y certificaci\u00f3n de cumplimiento GMP a la Industria Farmac\u00e9utica","publisher":{"@id":"https:\/\/auditgmp.net\/en#organization"},"potentialAction":[{"@type":"SearchAction","target":{"@type":"EntryPoint","urlTemplate":"https:\/\/auditgmp.net\/en?s={search_term_string}"},"query-input":"required name=search_term_string"}],"inLanguage":"en-US"},{"@type":"Organization","@id":"https:\/\/auditgmp.net\/en#organization","name":"AuditGMP","url":"https:\/\/auditgmp.net\/en","logo":{"@type":"ImageObject","inLanguage":"en-US","@id":"https:\/\/auditgmp.net\/en#\/schema\/logo\/image\/","url":"https:\/\/auditgmp.net\/wp-content\/uploads\/2024\/01\/logo-auditgmp01.png","contentUrl":"https:\/\/auditgmp.net\/wp-content\/uploads\/2024\/01\/logo-auditgmp01.png","width":297,"height":75,"caption":"AuditGMP"},"image":{"@id":"https:\/\/auditgmp.net\/en#\/schema\/logo\/image\/"}}]}},"_links":{"self":[{"href":"https:\/\/auditgmp.net\/en\/wp-json\/wp\/v2\/pages\/1960","targetHints":{"allow":["GET"]}}],"collection":[{"href":"https:\/\/auditgmp.net\/en\/wp-json\/wp\/v2\/pages"}],"about":[{"href":"https:\/\/auditgmp.net\/en\/wp-json\/wp\/v2\/types\/page"}],"author":[{"embeddable":true,"href":"https:\/\/auditgmp.net\/en\/wp-json\/wp\/v2\/users\/1"}],"replies":[{"embeddable":true,"href":"https:\/\/auditgmp.net\/en\/wp-json\/wp\/v2\/comments?post=1960"}],"version-history":[{"count":3,"href":"https:\/\/auditgmp.net\/en\/wp-json\/wp\/v2\/pages\/1960\/revisions"}],"predecessor-version":[{"id":2068,"href":"https:\/\/auditgmp.net\/en\/wp-json\/wp\/v2\/pages\/1960\/revisions\/2068"}],"wp:attachment":[{"href":"https:\/\/auditgmp.net\/en\/wp-json\/wp\/v2\/media?parent=1960"}],"curies":[{"name":"wp","href":"https:\/\/api.w.org\/{rel}","templated":true}]}}