{"id":1953,"date":"2023-07-04T13:13:45","date_gmt":"2023-07-04T13:13:45","guid":{"rendered":"http:\/\/auditgmp.net\/acreditacion-iso"},"modified":"2023-07-24T14:07:48","modified_gmt":"2023-07-24T14:07:48","slug":"iso-acreditation","status":"publish","type":"page","link":"https:\/\/auditgmp.net\/en\/iso-acreditation","title":{"rendered":"ISO Acreditation"},"content":{"rendered":"<div class=\"alignwide-wrap\" data-block=\"heading\">\n<h1 class=\"wp-block-heading alignwide\"> ISO Acreditation<\/h1>\n<\/div>\n\n<div class=\"alignwide-wrap\" data-block=\"columns\">\n<div class=\"wp-block-columns alignwide\">\n<div class=\"wp-block-column is-vertically-aligned-center\">\n<p>AuditGMP is accredited as an independent inspection company by the National Accreditation Entity (ENAC) in Spain under the UNE-EN ISO\/IEC 17020 standard. Our accreditation is accepted by all European and International Agencies and guarantees our impartiality, independence and technical competence. ENAC is a signatory of the Mutual Recognition Agreements established within the European co-operation for Accreditation (EA) and the international organizations of accreditation bodies, ILAC and IAF.\r\n\r\nThe scope of our certification includes inspection and compliance with the Good Manufacturing Practices (GMP) of Active Substances used as Starting Materials (Active Ingredients and Excipients) and compliance with the Good Distribution Regulations (GDP) of medicines and Active Ingredients.<\/p>\n<\/div>\n\n\n\n<div class=\"wp-block-column is-vertically-aligned-center\"><div class=\"wp-block-image\">\n<figure class=\"align-horizontal-wrap alignright size-medium is-resized\"><img loading=\"lazy\" decoding=\"async\" src=\"https:\/\/auditgmp.net\/\/wp-content\/uploads\/2023\/06\/logo-ENAC-1-640x408.png\" alt=\"\" class=\"wp-image-1598\" width=\"480\" height=\"306\" srcset=\"https:\/\/auditgmp.net\/wp-content\/uploads\/2023\/06\/logo-ENAC-1-640x408.png 640w, https:\/\/auditgmp.net\/wp-content\/uploads\/2023\/06\/logo-ENAC-1-480x306.png 480w, https:\/\/auditgmp.net\/wp-content\/uploads\/2023\/06\/logo-ENAC-1.png 700w\" sizes=\"auto, (max-width: 480px) 100vw, 480px\" \/><\/figure>\n<\/div><\/div>\n<\/div>\n<\/div>\n\n<div class=\"alignwide-wrap\" data-block=\"buttons\">\n<div class=\"wp-block-buttons alignwide is-layout-flex wp-block-buttons-is-layout-flex\">\n<div class=\"wp-block-button\"><a class=\"wp-block-button__link wp-element-button\" href=\"\/wp-content\/uploads\/2023\/07\/CERT_2499_EI_484_rev0.pdf\" target=\"_blank\" rel=\"noreferrer noopener\">See Certificate<\/a><\/div>\n\n\n\n<div class=\"wp-block-button is-style-outline is-style-outline--1\"><a class=\"wp-block-button__link wp-element-button\" href=\"\/wp-content\/uploads\/2023\/07\/Technical-Annex-288_EI484_Bilingual-Ed.9.pdf\" target=\"_blank\" rel=\"noreferrer noopener\">See Scope<\/a><\/div>\n<\/div>\n<\/div>","protected":false},"excerpt":{"rendered":"<div class=\"entry-summary\">\n<div class=\"entry-summary\">\nISO Acreditation AuditGMP is accredited as an independent inspection company by the National Accreditation Entity (ENAC) in Spain under the UNE-EN ISO\/IEC 17020 standard. Our accreditation is accepted by all European and International Agencies and guarantees our impartiality, independence and&hellip;\n<\/div>\n<div class=\"link-more-container\"><a href=\"https:\/\/auditgmp.net\/en\/iso-acreditation\" class=\"link-more\" aria-label=\"Continue reading ISO Acreditation\">Continue reading&hellip;<\/a><\/div>\n<\/div>\n<div class=\"link-more-container\"><a href=\"https:\/\/auditgmp.net\/en\/iso-acreditation\" class=\"link-more\" aria-label=\"Continue reading ISO Acreditation\">Continue reading&hellip;<\/a><\/div>\n","protected":false},"author":1,"featured_media":0,"parent":0,"menu_order":0,"comment_status":"closed","ping_status":"closed","template":"templates\/no-intro.php","meta":{"_coblocks_attr":"","_coblocks_dimensions":"","_coblocks_responsive_height":"","_coblocks_accordion_ie_support":"","footnotes":""},"class_list":["post-1953","page","type-page","status-publish","hentry","entry","entry-type-page"],"yoast_head":"<!-- This site is optimized with the Yoast SEO plugin v21.7 - https:\/\/yoast.com\/wordpress\/plugins\/seo\/ -->\n<title>ISO Acreditation - AuditGMP<\/title>\n<meta name=\"robots\" content=\"index, follow, max-snippet:-1, max-image-preview:large, max-video-preview:-1\" \/>\n<link rel=\"canonical\" href=\"https:\/\/auditgmp.net\/en\/iso-acreditation\" \/>\n<meta property=\"og:locale\" content=\"en_US\" \/>\n<meta property=\"og:type\" content=\"article\" \/>\n<meta property=\"og:title\" content=\"ISO Acreditation - AuditGMP\" \/>\n<meta property=\"og:description\" content=\"ISO Acreditation AuditGMP is accredited as an independent inspection company by the National Accreditation Entity (ENAC) in Spain under the UNE-EN ISO\/IEC 17020 standard. Our accreditation is accepted by all European and International Agencies and guarantees our impartiality, independence and&hellip; Continue reading&hellip;\" \/>\n<meta property=\"og:url\" content=\"https:\/\/auditgmp.net\/en\/iso-acreditation\" \/>\n<meta property=\"og:site_name\" content=\"AuditGMP\" \/>\n<meta property=\"article:modified_time\" content=\"2023-07-24T14:07:48+00:00\" \/>\n<meta property=\"og:image\" content=\"https:\/\/auditgmp.net\/\/wp-content\/uploads\/2023\/06\/logo-ENAC-1-640x408.png\" \/>\n<meta name=\"twitter:card\" content=\"summary_large_image\" \/>\n<meta name=\"twitter:label1\" content=\"Est. reading time\" \/>\n\t<meta name=\"twitter:data1\" content=\"1 minute\" \/>\n<script type=\"application\/ld+json\" class=\"yoast-schema-graph\">{\"@context\":\"https:\/\/schema.org\",\"@graph\":[{\"@type\":\"WebPage\",\"@id\":\"https:\/\/auditgmp.net\/en\/iso-acreditation\",\"url\":\"https:\/\/auditgmp.net\/en\/iso-acreditation\",\"name\":\"ISO Acreditation - AuditGMP\",\"isPartOf\":{\"@id\":\"https:\/\/auditgmp.net\/en#website\"},\"datePublished\":\"2023-07-04T13:13:45+00:00\",\"dateModified\":\"2023-07-24T14:07:48+00:00\",\"breadcrumb\":{\"@id\":\"https:\/\/auditgmp.net\/en\/iso-acreditation#breadcrumb\"},\"inLanguage\":\"en-US\",\"potentialAction\":[{\"@type\":\"ReadAction\",\"target\":[\"https:\/\/auditgmp.net\/en\/iso-acreditation\"]}]},{\"@type\":\"BreadcrumbList\",\"@id\":\"https:\/\/auditgmp.net\/en\/iso-acreditation#breadcrumb\",\"itemListElement\":[{\"@type\":\"ListItem\",\"position\":1,\"name\":\"Portada\",\"item\":\"https:\/\/auditgmp.net\/en\"},{\"@type\":\"ListItem\",\"position\":2,\"name\":\"ISO Acreditation\"}]},{\"@type\":\"WebSite\",\"@id\":\"https:\/\/auditgmp.net\/en#website\",\"url\":\"https:\/\/auditgmp.net\/en\",\"name\":\"AuditGMP\",\"description\":\"Servicios de auditor\u00edas y certificaci\u00f3n de cumplimiento GMP a la Industria Farmac\u00e9utica\",\"publisher\":{\"@id\":\"https:\/\/auditgmp.net\/en#organization\"},\"potentialAction\":[{\"@type\":\"SearchAction\",\"target\":{\"@type\":\"EntryPoint\",\"urlTemplate\":\"https:\/\/auditgmp.net\/en?s={search_term_string}\"},\"query-input\":\"required name=search_term_string\"}],\"inLanguage\":\"en-US\"},{\"@type\":\"Organization\",\"@id\":\"https:\/\/auditgmp.net\/en#organization\",\"name\":\"AuditGMP\",\"url\":\"https:\/\/auditgmp.net\/en\",\"logo\":{\"@type\":\"ImageObject\",\"inLanguage\":\"en-US\",\"@id\":\"https:\/\/auditgmp.net\/en#\/schema\/logo\/image\/\",\"url\":\"https:\/\/auditgmp.net\/wp-content\/uploads\/2024\/01\/logo-auditgmp01.png\",\"contentUrl\":\"https:\/\/auditgmp.net\/wp-content\/uploads\/2024\/01\/logo-auditgmp01.png\",\"width\":297,\"height\":75,\"caption\":\"AuditGMP\"},\"image\":{\"@id\":\"https:\/\/auditgmp.net\/en#\/schema\/logo\/image\/\"}}]}<\/script>\n<!-- \/ Yoast SEO plugin. -->","yoast_head_json":{"title":"ISO Acreditation - AuditGMP","robots":{"index":"index","follow":"follow","max-snippet":"max-snippet:-1","max-image-preview":"max-image-preview:large","max-video-preview":"max-video-preview:-1"},"canonical":"https:\/\/auditgmp.net\/en\/iso-acreditation","og_locale":"en_US","og_type":"article","og_title":"ISO Acreditation - AuditGMP","og_description":"ISO Acreditation AuditGMP is accredited as an independent inspection company by the National Accreditation Entity (ENAC) in Spain under the UNE-EN ISO\/IEC 17020 standard. Our accreditation is accepted by all European and International Agencies and guarantees our impartiality, independence and&hellip; Continue reading&hellip;","og_url":"https:\/\/auditgmp.net\/en\/iso-acreditation","og_site_name":"AuditGMP","article_modified_time":"2023-07-24T14:07:48+00:00","og_image":[{"url":"https:\/\/auditgmp.net\/\/wp-content\/uploads\/2023\/06\/logo-ENAC-1-640x408.png"}],"twitter_card":"summary_large_image","twitter_misc":{"Est. reading time":"1 minute"},"schema":{"@context":"https:\/\/schema.org","@graph":[{"@type":"WebPage","@id":"https:\/\/auditgmp.net\/en\/iso-acreditation","url":"https:\/\/auditgmp.net\/en\/iso-acreditation","name":"ISO Acreditation - AuditGMP","isPartOf":{"@id":"https:\/\/auditgmp.net\/en#website"},"datePublished":"2023-07-04T13:13:45+00:00","dateModified":"2023-07-24T14:07:48+00:00","breadcrumb":{"@id":"https:\/\/auditgmp.net\/en\/iso-acreditation#breadcrumb"},"inLanguage":"en-US","potentialAction":[{"@type":"ReadAction","target":["https:\/\/auditgmp.net\/en\/iso-acreditation"]}]},{"@type":"BreadcrumbList","@id":"https:\/\/auditgmp.net\/en\/iso-acreditation#breadcrumb","itemListElement":[{"@type":"ListItem","position":1,"name":"Portada","item":"https:\/\/auditgmp.net\/en"},{"@type":"ListItem","position":2,"name":"ISO Acreditation"}]},{"@type":"WebSite","@id":"https:\/\/auditgmp.net\/en#website","url":"https:\/\/auditgmp.net\/en","name":"AuditGMP","description":"Servicios de auditor\u00edas y certificaci\u00f3n de cumplimiento GMP a la Industria Farmac\u00e9utica","publisher":{"@id":"https:\/\/auditgmp.net\/en#organization"},"potentialAction":[{"@type":"SearchAction","target":{"@type":"EntryPoint","urlTemplate":"https:\/\/auditgmp.net\/en?s={search_term_string}"},"query-input":"required name=search_term_string"}],"inLanguage":"en-US"},{"@type":"Organization","@id":"https:\/\/auditgmp.net\/en#organization","name":"AuditGMP","url":"https:\/\/auditgmp.net\/en","logo":{"@type":"ImageObject","inLanguage":"en-US","@id":"https:\/\/auditgmp.net\/en#\/schema\/logo\/image\/","url":"https:\/\/auditgmp.net\/wp-content\/uploads\/2024\/01\/logo-auditgmp01.png","contentUrl":"https:\/\/auditgmp.net\/wp-content\/uploads\/2024\/01\/logo-auditgmp01.png","width":297,"height":75,"caption":"AuditGMP"},"image":{"@id":"https:\/\/auditgmp.net\/en#\/schema\/logo\/image\/"}}]}},"_links":{"self":[{"href":"https:\/\/auditgmp.net\/en\/wp-json\/wp\/v2\/pages\/1953","targetHints":{"allow":["GET"]}}],"collection":[{"href":"https:\/\/auditgmp.net\/en\/wp-json\/wp\/v2\/pages"}],"about":[{"href":"https:\/\/auditgmp.net\/en\/wp-json\/wp\/v2\/types\/page"}],"author":[{"embeddable":true,"href":"https:\/\/auditgmp.net\/en\/wp-json\/wp\/v2\/users\/1"}],"replies":[{"embeddable":true,"href":"https:\/\/auditgmp.net\/en\/wp-json\/wp\/v2\/comments?post=1953"}],"version-history":[{"count":3,"href":"https:\/\/auditgmp.net\/en\/wp-json\/wp\/v2\/pages\/1953\/revisions"}],"predecessor-version":[{"id":1958,"href":"https:\/\/auditgmp.net\/en\/wp-json\/wp\/v2\/pages\/1953\/revisions\/1958"}],"wp:attachment":[{"href":"https:\/\/auditgmp.net\/en\/wp-json\/wp\/v2\/media?parent=1953"}],"curies":[{"name":"wp","href":"https:\/\/api.w.org\/{rel}","templated":true}]}}