{"id":1950,"date":"2023-07-17T10:05:21","date_gmt":"2023-07-17T10:05:21","guid":{"rendered":"http:\/\/auditgmp.net\/audit-services-auditgmp\/certificaciones"},"modified":"2023-07-24T14:00:48","modified_gmt":"2023-07-24T14:00:48","slug":"certifications","status":"publish","type":"page","link":"https:\/\/auditgmp.net\/en\/audit-services-auditgmp\/certifications","title":{"rendered":"Certifications"},"content":{"rendered":"\n<h1>\n\t\tCertificaciones\n\t<\/h1>\n\t<p>Nuestro programa de Certificaci\u00f3n GMDP para APIs &amp; Excipientes consiste en la certificaci\u00f3n del cumplimiento de acuerdo con los est\u00e1ndares en vigor EudraLex &#8211; Volume 4 Good manufacturing practice (GMP) Guidelines, Part II &#8211; Basic Requirements for Active Substances used as Starting Materials y Guidelines on principles of Good Distribution Practice of active substances for medicinal products for human use.<\/p>\nSupone la entrega de un Certificado y la concesi\u00f3n de la licencia de uso de la Marca de Certificaci\u00f3n de AuditGMP Pharma.<br>\nEl Programa de Certificaci\u00f3n GMDP APIs &amp;\n<p>Excipientes se divide en:<\/p>\n<ul>\n<li>Concesi\u00f3n de la Certificaci\u00f3n<\/li>\n<li>Mantenimiento de la Certificaci\u00f3n (Surveillance)<\/li>\n<li>Renovaci\u00f3n de la Certificaci\u00f3n<\/li>\n<\/ul>\n<p>Ventajas:<\/p>\n<ul>\n<li>Referencia de cumplimiento y evaluaci\u00f3n ante terceros en cualquier momento<\/li>\n<li>Disminuci\u00f3n de la carga de trabajo dedicada a auditor\u00edas<\/li>\n<li>Auditor\u00eda de todos los productos e informes de auditor\u00eda contrastados por organismo independiente a disposici\u00f3n de cualquier cliente que necesite adquirirlo.<\/li>\n<\/ul>\n\t\t\t\t<img loading=\"lazy\" decoding=\"async\" src=\"https:\/\/auditgmp.net\/\/wp-content\/uploads\/2023\/07\/certificaciones-audigmp.jpg\" alt=\"certificaciones-audigmp\" itemprop=\"image\" height=\"500\" width=\"400\" title=\"certificaciones-audigmp\" onerror=\"this.style.display='none'\">\n\t\t\t\t<img decoding=\"async\" src=\"https:\/\/auditgmp.net\/\/wp-content\/plugins\/beaver-builder-lite-version\/img\/pixel.png\" alt=\"\" itemprop=\"image\" onerror=\"this.style.display='none'\">\n","protected":false},"excerpt":{"rendered":"<div class=\"entry-summary\">\n<div class=\"entry-summary\">\nCertificaciones Nuestro programa de Certificaci\u00f3n GMDP para APIs &amp; Excipientes consiste en la certificaci\u00f3n del cumplimiento de acuerdo con los est\u00e1ndares en vigor EudraLex &#8211; Volume 4 Good manufacturing practice (GMP) Guidelines, Part II &#8211; Basic Requirements for Active Substances&hellip;\n<\/div>\n<div class=\"link-more-container\"><a href=\"https:\/\/auditgmp.net\/en\/audit-services-auditgmp\/certifications\" class=\"link-more\" aria-label=\"Continue reading Certifications\">Continue reading&hellip;<\/a><\/div>\n<\/div>\n<div class=\"link-more-container\"><a href=\"https:\/\/auditgmp.net\/en\/audit-services-auditgmp\/certifications\" class=\"link-more\" aria-label=\"Continue reading Certifications\">Continue reading&hellip;<\/a><\/div>\n","protected":false},"author":1,"featured_media":0,"parent":1938,"menu_order":0,"comment_status":"closed","ping_status":"closed","template":"templates\/builder.php","meta":{"_coblocks_attr":"","_coblocks_dimensions":"","_coblocks_responsive_height":"","_coblocks_accordion_ie_support":"","footnotes":""},"class_list":["post-1950","page","type-page","status-publish","hentry","entry","entry-type-page"],"yoast_head":"<!-- This site is optimized with the Yoast SEO plugin v21.7 - https:\/\/yoast.com\/wordpress\/plugins\/seo\/ -->\n<title>Certifications - AuditGMP<\/title>\n<meta name=\"robots\" content=\"index, follow, max-snippet:-1, max-image-preview:large, max-video-preview:-1\" \/>\n<link rel=\"canonical\" href=\"https:\/\/auditgmp.net\/en\/audit-services-auditgmp\/certifications\" \/>\n<meta property=\"og:locale\" content=\"en_US\" \/>\n<meta property=\"og:type\" content=\"article\" \/>\n<meta property=\"og:title\" content=\"Certifications - AuditGMP\" \/>\n<meta property=\"og:description\" content=\"Certificaciones Nuestro programa de Certificaci\u00f3n GMDP para APIs &amp; Excipientes consiste en la certificaci\u00f3n del cumplimiento de acuerdo con los est\u00e1ndares en vigor EudraLex &#8211; Volume 4 Good manufacturing practice (GMP) Guidelines, Part II &#8211; Basic Requirements for Active Substances&hellip; Continue reading&hellip;\" \/>\n<meta property=\"og:url\" content=\"https:\/\/auditgmp.net\/en\/audit-services-auditgmp\/certifications\" \/>\n<meta property=\"og:site_name\" content=\"AuditGMP\" \/>\n<meta property=\"article:modified_time\" content=\"2023-07-24T14:00:48+00:00\" \/>\n<meta property=\"og:image\" content=\"https:\/\/auditgmp.net\/\/wp-content\/uploads\/2023\/07\/certificaciones-audigmp.jpg\" \/>\n<meta name=\"twitter:card\" content=\"summary_large_image\" \/>\n<meta name=\"twitter:label1\" content=\"Est. reading time\" \/>\n\t<meta name=\"twitter:data1\" content=\"2 minutes\" \/>\n<script type=\"application\/ld+json\" class=\"yoast-schema-graph\">{\"@context\":\"https:\/\/schema.org\",\"@graph\":[{\"@type\":\"WebPage\",\"@id\":\"https:\/\/auditgmp.net\/en\/audit-services-auditgmp\/certifications\",\"url\":\"https:\/\/auditgmp.net\/en\/audit-services-auditgmp\/certifications\",\"name\":\"Certifications - AuditGMP\",\"isPartOf\":{\"@id\":\"https:\/\/auditgmp.net\/en#website\"},\"datePublished\":\"2023-07-17T10:05:21+00:00\",\"dateModified\":\"2023-07-24T14:00:48+00:00\",\"breadcrumb\":{\"@id\":\"https:\/\/auditgmp.net\/en\/audit-services-auditgmp\/certifications#breadcrumb\"},\"inLanguage\":\"en-US\",\"potentialAction\":[{\"@type\":\"ReadAction\",\"target\":[\"https:\/\/auditgmp.net\/en\/audit-services-auditgmp\/certifications\"]}]},{\"@type\":\"BreadcrumbList\",\"@id\":\"https:\/\/auditgmp.net\/en\/audit-services-auditgmp\/certifications#breadcrumb\",\"itemListElement\":[{\"@type\":\"ListItem\",\"position\":1,\"name\":\"Portada\",\"item\":\"https:\/\/auditgmp.net\/en\"},{\"@type\":\"ListItem\",\"position\":2,\"name\":\"Services\",\"item\":\"https:\/\/auditgmp.net\/en\/servicios-auditorias-auditgmp\"},{\"@type\":\"ListItem\",\"position\":3,\"name\":\"Certifications\"}]},{\"@type\":\"WebSite\",\"@id\":\"https:\/\/auditgmp.net\/en#website\",\"url\":\"https:\/\/auditgmp.net\/en\",\"name\":\"AuditGMP\",\"description\":\"Servicios de auditor\u00edas y certificaci\u00f3n de cumplimiento GMP a la Industria Farmac\u00e9utica\",\"publisher\":{\"@id\":\"https:\/\/auditgmp.net\/en#organization\"},\"potentialAction\":[{\"@type\":\"SearchAction\",\"target\":{\"@type\":\"EntryPoint\",\"urlTemplate\":\"https:\/\/auditgmp.net\/en?s={search_term_string}\"},\"query-input\":\"required name=search_term_string\"}],\"inLanguage\":\"en-US\"},{\"@type\":\"Organization\",\"@id\":\"https:\/\/auditgmp.net\/en#organization\",\"name\":\"AuditGMP\",\"url\":\"https:\/\/auditgmp.net\/en\",\"logo\":{\"@type\":\"ImageObject\",\"inLanguage\":\"en-US\",\"@id\":\"https:\/\/auditgmp.net\/en#\/schema\/logo\/image\/\",\"url\":\"https:\/\/auditgmp.net\/wp-content\/uploads\/2024\/01\/logo-auditgmp01.png\",\"contentUrl\":\"https:\/\/auditgmp.net\/wp-content\/uploads\/2024\/01\/logo-auditgmp01.png\",\"width\":297,\"height\":75,\"caption\":\"AuditGMP\"},\"image\":{\"@id\":\"https:\/\/auditgmp.net\/en#\/schema\/logo\/image\/\"}}]}<\/script>\n<!-- \/ Yoast SEO plugin. -->","yoast_head_json":{"title":"Certifications - AuditGMP","robots":{"index":"index","follow":"follow","max-snippet":"max-snippet:-1","max-image-preview":"max-image-preview:large","max-video-preview":"max-video-preview:-1"},"canonical":"https:\/\/auditgmp.net\/en\/audit-services-auditgmp\/certifications","og_locale":"en_US","og_type":"article","og_title":"Certifications - AuditGMP","og_description":"Certificaciones Nuestro programa de Certificaci\u00f3n GMDP para APIs &amp; Excipientes consiste en la certificaci\u00f3n del cumplimiento de acuerdo con los est\u00e1ndares en vigor EudraLex &#8211; Volume 4 Good manufacturing practice (GMP) Guidelines, Part II &#8211; Basic Requirements for Active Substances&hellip; Continue reading&hellip;","og_url":"https:\/\/auditgmp.net\/en\/audit-services-auditgmp\/certifications","og_site_name":"AuditGMP","article_modified_time":"2023-07-24T14:00:48+00:00","og_image":[{"url":"https:\/\/auditgmp.net\/\/wp-content\/uploads\/2023\/07\/certificaciones-audigmp.jpg"}],"twitter_card":"summary_large_image","twitter_misc":{"Est. reading time":"2 minutes"},"schema":{"@context":"https:\/\/schema.org","@graph":[{"@type":"WebPage","@id":"https:\/\/auditgmp.net\/en\/audit-services-auditgmp\/certifications","url":"https:\/\/auditgmp.net\/en\/audit-services-auditgmp\/certifications","name":"Certifications - AuditGMP","isPartOf":{"@id":"https:\/\/auditgmp.net\/en#website"},"datePublished":"2023-07-17T10:05:21+00:00","dateModified":"2023-07-24T14:00:48+00:00","breadcrumb":{"@id":"https:\/\/auditgmp.net\/en\/audit-services-auditgmp\/certifications#breadcrumb"},"inLanguage":"en-US","potentialAction":[{"@type":"ReadAction","target":["https:\/\/auditgmp.net\/en\/audit-services-auditgmp\/certifications"]}]},{"@type":"BreadcrumbList","@id":"https:\/\/auditgmp.net\/en\/audit-services-auditgmp\/certifications#breadcrumb","itemListElement":[{"@type":"ListItem","position":1,"name":"Portada","item":"https:\/\/auditgmp.net\/en"},{"@type":"ListItem","position":2,"name":"Services","item":"https:\/\/auditgmp.net\/en\/servicios-auditorias-auditgmp"},{"@type":"ListItem","position":3,"name":"Certifications"}]},{"@type":"WebSite","@id":"https:\/\/auditgmp.net\/en#website","url":"https:\/\/auditgmp.net\/en","name":"AuditGMP","description":"Servicios de auditor\u00edas y certificaci\u00f3n de cumplimiento GMP a la Industria Farmac\u00e9utica","publisher":{"@id":"https:\/\/auditgmp.net\/en#organization"},"potentialAction":[{"@type":"SearchAction","target":{"@type":"EntryPoint","urlTemplate":"https:\/\/auditgmp.net\/en?s={search_term_string}"},"query-input":"required name=search_term_string"}],"inLanguage":"en-US"},{"@type":"Organization","@id":"https:\/\/auditgmp.net\/en#organization","name":"AuditGMP","url":"https:\/\/auditgmp.net\/en","logo":{"@type":"ImageObject","inLanguage":"en-US","@id":"https:\/\/auditgmp.net\/en#\/schema\/logo\/image\/","url":"https:\/\/auditgmp.net\/wp-content\/uploads\/2024\/01\/logo-auditgmp01.png","contentUrl":"https:\/\/auditgmp.net\/wp-content\/uploads\/2024\/01\/logo-auditgmp01.png","width":297,"height":75,"caption":"AuditGMP"},"image":{"@id":"https:\/\/auditgmp.net\/en#\/schema\/logo\/image\/"}}]}},"_links":{"self":[{"href":"https:\/\/auditgmp.net\/en\/wp-json\/wp\/v2\/pages\/1950","targetHints":{"allow":["GET"]}}],"collection":[{"href":"https:\/\/auditgmp.net\/en\/wp-json\/wp\/v2\/pages"}],"about":[{"href":"https:\/\/auditgmp.net\/en\/wp-json\/wp\/v2\/types\/page"}],"author":[{"embeddable":true,"href":"https:\/\/auditgmp.net\/en\/wp-json\/wp\/v2\/users\/1"}],"replies":[{"embeddable":true,"href":"https:\/\/auditgmp.net\/en\/wp-json\/wp\/v2\/comments?post=1950"}],"version-history":[{"count":1,"href":"https:\/\/auditgmp.net\/en\/wp-json\/wp\/v2\/pages\/1950\/revisions"}],"predecessor-version":[{"id":1951,"href":"https:\/\/auditgmp.net\/en\/wp-json\/wp\/v2\/pages\/1950\/revisions\/1951"}],"up":[{"embeddable":true,"href":"https:\/\/auditgmp.net\/en\/wp-json\/wp\/v2\/pages\/1938"}],"wp:attachment":[{"href":"https:\/\/auditgmp.net\/en\/wp-json\/wp\/v2\/media?parent=1950"}],"curies":[{"name":"wp","href":"https:\/\/api.w.org\/{rel}","templated":true}]}}