{"id":1944,"date":"2023-07-13T13:59:01","date_gmt":"2023-07-13T13:59:01","guid":{"rendered":"http:\/\/auditgmp.net\/audit-services-auditgmp\/auditorias"},"modified":"2023-07-25T11:15:45","modified_gmt":"2023-07-25T11:15:45","slug":"audits","status":"publish","type":"page","link":"https:\/\/auditgmp.net\/en\/audit-services-auditgmp\/audits","title":{"rendered":"Audits"},"content":{"rendered":"\n<h1>\n\t\tAuditor\u00edas\n\t<\/h1>\n\t<p>Ofrecemos servicios completos de auditor\u00eda a nuestros clientes. Abordamos cada auditor\u00eda de forma global,&nbsp; incluyendo:<\/p>\n<ul>\n<li><strong>Organizaci\u00f3n de la auditor\u00eda<\/strong>: contacto con la planta a auditar para fijar la fecha en funci\u00f3n de las necesidades del cliente.<\/li>\n<li><strong>Realizaci\u00f3n y emisi\u00f3n de informe<\/strong>: nuestros auditores expertos llevan a cabo la auditor\u00eda y emiten el informe, incluyendo cualquier&nbsp; requisito espec\u00edfico&nbsp; del cliente.<\/li>\n<li><strong>Seguimiento y cierre:<\/strong> solicitud y evaluaci\u00f3n de la adecuaci\u00f3n de los CAPA (Corrective And Preventive Actions) y seguimiento de la realizaci\u00f3n de las acciones correctivas hasta su cierre.<\/li>\n<\/ul>\n<b>Est\u00e1ndares<\/b><strong>:<\/strong> GMP, GDP,GVP,ISO, APIC&#8230;<br>\n<strong>Sectores:<\/strong> Farma, Excipientes, Cosm\u00e9tica, Alimentario, &#8230;\n\t\t\t\t<img decoding=\"async\" src=\"https:\/\/auditgmp.net\/\/wp-content\/uploads\/2023\/07\/auditorias-augitgmp.jpg\" alt=\"auditorias-augitgmp\" itemprop=\"image\" title=\"auditorias-augitgmp\" onerror=\"this.style.display='none'\">\n\t<h3>Tipos de auditor\u00edas que realizamos en AuditGMP<\/h3>\n<p><strong>AUDITOR\u00cdAS<\/strong><\/p>\n<ul>\n<li>\n<p>Auditor\u00edas GMP sustancias activas.<\/p>\n<\/li>\n<li>\n<p>Auditor\u00edas GMP excipientes.<\/p>\n<\/li>\n<li>\n<p><a href=\"https:\/\/auditgmp.net\/en\/auditorias-gdp\" target=\"_blank\" rel=\"noopener\">Auditor\u00edas GDP.<\/a><\/p>\n<\/li>\n<li>\n<p>Auditor\u00edas fabricaci\u00f3n externalizada.<\/p>\n<\/li>\n<li>\n<p>Auditor\u00edas fabricaci\u00f3n externalizada (FF, laboratorios e intermedios).<\/p>\n<\/li>\n<li>\n<p>Auditor\u00edas a materiales acondicionado.<\/p>\n<\/li>\n<\/ul>\n<p><strong>AUDITOR\u00cdAS INTERNAS<\/strong>\u200b<\/p>\n<ul>\n<li>\n<p>Auditor\u00edas a filiales y asociados.<\/p>\n<\/li>\n<li>\n<p>Auditor\u00edas internas en fabricantes (API, FORMAS FARMAC\u00c9UTICAS, QC, QA).<\/p>\n<\/li>\n<li>\n<p>Auditorias preparatorias (MOCK-INSPECTIONS para preparar auditor\u00edas o inspecciones de FDA, Clientes, EDQM (CEP\/COS).<\/p>\n<\/li>\n<\/ul>\n\t<p><strong>AUDITOR\u00cdAS DE EXPERTO<\/strong><\/p>\n<ul>\n<li>\n<p>Expert due diligence.<\/p>\n<\/li>\n<li>\n<p>Auditor\u00edas GMP de proyectos.<\/p>\n<\/li>\n<\/ul>\n","protected":false},"excerpt":{"rendered":"<div class=\"entry-summary\">\n<div class=\"entry-summary\">\nAuditor\u00edas Ofrecemos servicios completos de auditor\u00eda a nuestros clientes. Abordamos cada auditor\u00eda de forma global,&nbsp; incluyendo: Organizaci\u00f3n de la auditor\u00eda: contacto con la planta a auditar para fijar la fecha en funci\u00f3n de las necesidades del cliente. Realizaci\u00f3n y emisi\u00f3n&hellip;\n<\/div>\n<div class=\"link-more-container\"><a href=\"https:\/\/auditgmp.net\/en\/audit-services-auditgmp\/audits\" class=\"link-more\" aria-label=\"Continue reading Audits\">Continue reading&hellip;<\/a><\/div>\n<\/div>\n<div class=\"link-more-container\"><a href=\"https:\/\/auditgmp.net\/en\/audit-services-auditgmp\/audits\" class=\"link-more\" aria-label=\"Continue reading Audits\">Continue reading&hellip;<\/a><\/div>\n","protected":false},"author":1,"featured_media":0,"parent":1938,"menu_order":0,"comment_status":"closed","ping_status":"closed","template":"templates\/builder.php","meta":{"_coblocks_attr":"","_coblocks_dimensions":"","_coblocks_responsive_height":"","_coblocks_accordion_ie_support":"","footnotes":""},"class_list":["post-1944","page","type-page","status-publish","hentry","entry","entry-type-page"],"yoast_head":"<!-- This site is optimized with the Yoast SEO plugin v21.7 - https:\/\/yoast.com\/wordpress\/plugins\/seo\/ -->\n<title>Audits - AuditGMP<\/title>\n<meta name=\"robots\" content=\"index, follow, max-snippet:-1, max-image-preview:large, max-video-preview:-1\" \/>\n<link rel=\"canonical\" href=\"https:\/\/auditgmp.net\/en\/audit-services-auditgmp\/audits\" \/>\n<meta property=\"og:locale\" content=\"en_US\" \/>\n<meta property=\"og:type\" content=\"article\" \/>\n<meta property=\"og:title\" content=\"Audits - AuditGMP\" \/>\n<meta property=\"og:description\" content=\"Auditor\u00edas Ofrecemos servicios completos de auditor\u00eda a nuestros clientes. Abordamos cada auditor\u00eda de forma global,&nbsp; incluyendo: Organizaci\u00f3n de la auditor\u00eda: contacto con la planta a auditar para fijar la fecha en funci\u00f3n de las necesidades del cliente. Realizaci\u00f3n y emisi\u00f3n&hellip; Continue reading&hellip;\" \/>\n<meta property=\"og:url\" content=\"https:\/\/auditgmp.net\/en\/audit-services-auditgmp\/audits\" \/>\n<meta property=\"og:site_name\" content=\"AuditGMP\" \/>\n<meta property=\"article:modified_time\" content=\"2023-07-25T11:15:45+00:00\" \/>\n<meta property=\"og:image\" content=\"https:\/\/auditgmp.net\/\/wp-content\/uploads\/2023\/07\/auditorias-augitgmp.jpg\" \/>\n<meta name=\"twitter:card\" content=\"summary_large_image\" \/>\n<meta name=\"twitter:label1\" content=\"Est. reading time\" \/>\n\t<meta name=\"twitter:data1\" content=\"1 minute\" \/>\n<script type=\"application\/ld+json\" class=\"yoast-schema-graph\">{\"@context\":\"https:\/\/schema.org\",\"@graph\":[{\"@type\":\"WebPage\",\"@id\":\"https:\/\/auditgmp.net\/en\/audit-services-auditgmp\/audits\",\"url\":\"https:\/\/auditgmp.net\/en\/audit-services-auditgmp\/audits\",\"name\":\"Audits - AuditGMP\",\"isPartOf\":{\"@id\":\"https:\/\/auditgmp.net\/en#website\"},\"datePublished\":\"2023-07-13T13:59:01+00:00\",\"dateModified\":\"2023-07-25T11:15:45+00:00\",\"breadcrumb\":{\"@id\":\"https:\/\/auditgmp.net\/en\/audit-services-auditgmp\/audits#breadcrumb\"},\"inLanguage\":\"en-US\",\"potentialAction\":[{\"@type\":\"ReadAction\",\"target\":[\"https:\/\/auditgmp.net\/en\/audit-services-auditgmp\/audits\"]}]},{\"@type\":\"BreadcrumbList\",\"@id\":\"https:\/\/auditgmp.net\/en\/audit-services-auditgmp\/audits#breadcrumb\",\"itemListElement\":[{\"@type\":\"ListItem\",\"position\":1,\"name\":\"Portada\",\"item\":\"https:\/\/auditgmp.net\/en\"},{\"@type\":\"ListItem\",\"position\":2,\"name\":\"Services\",\"item\":\"https:\/\/auditgmp.net\/en\/servicios-auditorias-auditgmp\"},{\"@type\":\"ListItem\",\"position\":3,\"name\":\"Audits\"}]},{\"@type\":\"WebSite\",\"@id\":\"https:\/\/auditgmp.net\/en#website\",\"url\":\"https:\/\/auditgmp.net\/en\",\"name\":\"AuditGMP\",\"description\":\"Servicios de auditor\u00edas y certificaci\u00f3n de cumplimiento GMP a la Industria Farmac\u00e9utica\",\"publisher\":{\"@id\":\"https:\/\/auditgmp.net\/en#organization\"},\"potentialAction\":[{\"@type\":\"SearchAction\",\"target\":{\"@type\":\"EntryPoint\",\"urlTemplate\":\"https:\/\/auditgmp.net\/en?s={search_term_string}\"},\"query-input\":\"required name=search_term_string\"}],\"inLanguage\":\"en-US\"},{\"@type\":\"Organization\",\"@id\":\"https:\/\/auditgmp.net\/en#organization\",\"name\":\"AuditGMP\",\"url\":\"https:\/\/auditgmp.net\/en\",\"logo\":{\"@type\":\"ImageObject\",\"inLanguage\":\"en-US\",\"@id\":\"https:\/\/auditgmp.net\/en#\/schema\/logo\/image\/\",\"url\":\"https:\/\/auditgmp.net\/wp-content\/uploads\/2024\/01\/logo-auditgmp01.png\",\"contentUrl\":\"https:\/\/auditgmp.net\/wp-content\/uploads\/2024\/01\/logo-auditgmp01.png\",\"width\":297,\"height\":75,\"caption\":\"AuditGMP\"},\"image\":{\"@id\":\"https:\/\/auditgmp.net\/en#\/schema\/logo\/image\/\"}}]}<\/script>\n<!-- \/ Yoast SEO plugin. -->","yoast_head_json":{"title":"Audits - AuditGMP","robots":{"index":"index","follow":"follow","max-snippet":"max-snippet:-1","max-image-preview":"max-image-preview:large","max-video-preview":"max-video-preview:-1"},"canonical":"https:\/\/auditgmp.net\/en\/audit-services-auditgmp\/audits","og_locale":"en_US","og_type":"article","og_title":"Audits - AuditGMP","og_description":"Auditor\u00edas Ofrecemos servicios completos de auditor\u00eda a nuestros clientes. Abordamos cada auditor\u00eda de forma global,&nbsp; incluyendo: Organizaci\u00f3n de la auditor\u00eda: contacto con la planta a auditar para fijar la fecha en funci\u00f3n de las necesidades del cliente. Realizaci\u00f3n y emisi\u00f3n&hellip; Continue reading&hellip;","og_url":"https:\/\/auditgmp.net\/en\/audit-services-auditgmp\/audits","og_site_name":"AuditGMP","article_modified_time":"2023-07-25T11:15:45+00:00","og_image":[{"url":"https:\/\/auditgmp.net\/\/wp-content\/uploads\/2023\/07\/auditorias-augitgmp.jpg"}],"twitter_card":"summary_large_image","twitter_misc":{"Est. reading time":"1 minute"},"schema":{"@context":"https:\/\/schema.org","@graph":[{"@type":"WebPage","@id":"https:\/\/auditgmp.net\/en\/audit-services-auditgmp\/audits","url":"https:\/\/auditgmp.net\/en\/audit-services-auditgmp\/audits","name":"Audits - AuditGMP","isPartOf":{"@id":"https:\/\/auditgmp.net\/en#website"},"datePublished":"2023-07-13T13:59:01+00:00","dateModified":"2023-07-25T11:15:45+00:00","breadcrumb":{"@id":"https:\/\/auditgmp.net\/en\/audit-services-auditgmp\/audits#breadcrumb"},"inLanguage":"en-US","potentialAction":[{"@type":"ReadAction","target":["https:\/\/auditgmp.net\/en\/audit-services-auditgmp\/audits"]}]},{"@type":"BreadcrumbList","@id":"https:\/\/auditgmp.net\/en\/audit-services-auditgmp\/audits#breadcrumb","itemListElement":[{"@type":"ListItem","position":1,"name":"Portada","item":"https:\/\/auditgmp.net\/en"},{"@type":"ListItem","position":2,"name":"Services","item":"https:\/\/auditgmp.net\/en\/servicios-auditorias-auditgmp"},{"@type":"ListItem","position":3,"name":"Audits"}]},{"@type":"WebSite","@id":"https:\/\/auditgmp.net\/en#website","url":"https:\/\/auditgmp.net\/en","name":"AuditGMP","description":"Servicios de auditor\u00edas y certificaci\u00f3n de cumplimiento GMP a la Industria Farmac\u00e9utica","publisher":{"@id":"https:\/\/auditgmp.net\/en#organization"},"potentialAction":[{"@type":"SearchAction","target":{"@type":"EntryPoint","urlTemplate":"https:\/\/auditgmp.net\/en?s={search_term_string}"},"query-input":"required name=search_term_string"}],"inLanguage":"en-US"},{"@type":"Organization","@id":"https:\/\/auditgmp.net\/en#organization","name":"AuditGMP","url":"https:\/\/auditgmp.net\/en","logo":{"@type":"ImageObject","inLanguage":"en-US","@id":"https:\/\/auditgmp.net\/en#\/schema\/logo\/image\/","url":"https:\/\/auditgmp.net\/wp-content\/uploads\/2024\/01\/logo-auditgmp01.png","contentUrl":"https:\/\/auditgmp.net\/wp-content\/uploads\/2024\/01\/logo-auditgmp01.png","width":297,"height":75,"caption":"AuditGMP"},"image":{"@id":"https:\/\/auditgmp.net\/en#\/schema\/logo\/image\/"}}]}},"_links":{"self":[{"href":"https:\/\/auditgmp.net\/en\/wp-json\/wp\/v2\/pages\/1944","targetHints":{"allow":["GET"]}}],"collection":[{"href":"https:\/\/auditgmp.net\/en\/wp-json\/wp\/v2\/pages"}],"about":[{"href":"https:\/\/auditgmp.net\/en\/wp-json\/wp\/v2\/types\/page"}],"author":[{"embeddable":true,"href":"https:\/\/auditgmp.net\/en\/wp-json\/wp\/v2\/users\/1"}],"replies":[{"embeddable":true,"href":"https:\/\/auditgmp.net\/en\/wp-json\/wp\/v2\/comments?post=1944"}],"version-history":[{"count":2,"href":"https:\/\/auditgmp.net\/en\/wp-json\/wp\/v2\/pages\/1944\/revisions"}],"predecessor-version":[{"id":2021,"href":"https:\/\/auditgmp.net\/en\/wp-json\/wp\/v2\/pages\/1944\/revisions\/2021"}],"up":[{"embeddable":true,"href":"https:\/\/auditgmp.net\/en\/wp-json\/wp\/v2\/pages\/1938"}],"wp:attachment":[{"href":"https:\/\/auditgmp.net\/en\/wp-json\/wp\/v2\/media?parent=1944"}],"curies":[{"name":"wp","href":"https:\/\/api.w.org\/{rel}","templated":true}]}}