{"id":1938,"date":"2020-01-15T21:31:36","date_gmt":"2020-01-15T21:31:36","guid":{"rendered":"http:\/\/auditgmp.net\/servicios-auditorias-auditgmp"},"modified":"2023-07-24T13:24:12","modified_gmt":"2023-07-24T13:24:12","slug":"audit-services-auditgmp","status":"publish","type":"page","link":"https:\/\/auditgmp.net\/en\/audit-services-auditgmp","title":{"rendered":"Services"},"content":{"rendered":"<div class=\"alignwide-wrap\" data-block=\"columns\">\n<div class=\"wp-block-columns alignwide\">\n<div class=\"wp-block-column\">\n<h1 class=\"wp-block-heading\">Services<\/h1>\n\n\n\n<p class=\"has-extra-large-font-size\">Discover all the services that AuditGMP can offer you.<\/p>\n<\/div>\n<\/div>\n<\/div>\n\n\n<div style=\"height:56px\" aria-hidden=\"true\" class=\"wp-block-spacer\"><\/div>\n\n\n<div class=\"alignwide-wrap\" data-block=\"columns\">\n<div class=\"wp-block-columns alignwide has-palette-3-background-color has-background\" style=\"padding-top:var(--wp--preset--spacing--60);padding-right:var(--wp--preset--spacing--60);padding-bottom:var(--wp--preset--spacing--60);padding-left:var(--wp--preset--spacing--60)\">\n<div class=\"wp-block-column\">\n<figure class=\"wp-block-image size-full\"><img loading=\"lazy\" decoding=\"async\" width=\"400\" height=\"500\" src=\"https:\/\/auditgmp.net\/\/wp-content\/uploads\/2023\/07\/auditorias-augitgmp.jpg\" alt=\"\" class=\"wp-image-1715\"\/><\/figure>\n<\/div>\n\n\n\n<div class=\"wp-block-column\">\n<h2 class=\"wp-block-heading has-no-margin-top has-custom-transform\" id=\"documented\" style=\"text-transform:uppercase;font-size:20px\">Audits<\/h2>\n\n\n\n<p>AuditGMP performs regulatory compliance assessment audits for suppliers and customers.<\/p>\n\n\n\n<p><a href=\"https:\/\/auditgmp.net\/en\/audit-services-auditgmp\/audits\">More informarion<\/a><\/p>\n<\/div>\n\n\n\n<div class=\"wp-block-column\">\n<figure class=\"wp-block-image size-full\"><img loading=\"lazy\" decoding=\"async\" width=\"400\" height=\"500\" src=\"https:\/\/auditgmp.net\/\/wp-content\/uploads\/2023\/07\/copias-auditgmp.jpg\" alt=\"\" class=\"wp-image-1719\"\/><\/figure>\n<\/div>\n\n\n\n<div class=\"wp-block-column\">\n<h2 class=\"wp-block-heading has-no-margin-top has-custom-transform\" id=\"secure\" style=\"text-transform:uppercase;font-size:20px\">Copies<\/h2>\n\n\n\n<p>Most of our audits are conducted with the possibility of being shared with third parties. We can offer copies of the audit reports at any time, including the CAPA until its completion. Consult our list of audited plants.<\/p>\n\n\n\n<p><a href=\"https:\/\/auditgmp.net\/en\/contact\">More information<\/a><\/p>\n<\/div>\n<\/div>\n<\/div>\n\n<div class=\"alignwide-wrap\" data-block=\"columns\">\n<div class=\"wp-block-columns alignwide has-palette-3-background-color has-background\" style=\"padding-top:var(--wp--preset--spacing--60);padding-right:var(--wp--preset--spacing--60);padding-bottom:var(--wp--preset--spacing--60);padding-left:var(--wp--preset--spacing--60)\">\n<div class=\"wp-block-column\">\n<figure class=\"wp-block-image size-full\"><img loading=\"lazy\" decoding=\"async\" width=\"400\" height=\"500\" src=\"https:\/\/auditgmp.net\/\/wp-content\/uploads\/2023\/07\/certificaciones-audigmp.jpg\" alt=\"\" class=\"wp-image-1716\"\/><\/figure>\n<\/div>\n\n\n\n<div class=\"wp-block-column\">\n<h2 class=\"wp-block-heading has-no-margin-top has-custom-transform\" id=\"documented\" style=\"text-transform:uppercase;font-size:20px\">Certifications<\/h2>\n\n\n\n<p>Certified evaluation of compliance with GMP standards under the ISO 17.020:2004 accreditation scheme.<\/p>\n\n\n\n<p><a href=\"https:\/\/auditgmp.net\/en\/audit-services-auditgmp\/certifications\">More information<\/a><\/p>\n<\/div>\n\n\n\n<div class=\"wp-block-column\">\n<figure class=\"wp-block-image size-full\"><img loading=\"lazy\" decoding=\"async\" width=\"400\" height=\"500\" src=\"https:\/\/auditgmp.net\/\/wp-content\/uploads\/2023\/07\/consultoria-auditgmp.jpg\" alt=\"\" class=\"wp-image-1718\"\/><\/figure>\n<\/div>\n\n\n\n<div class=\"wp-block-column\">\n<h2 class=\"wp-block-heading has-no-margin-top has-custom-transform\" id=\"speedy\" style=\"text-transform:uppercase;font-size:20px\">Consultancy<\/h2>\n\n\n\n<p>Advisory service to help companies achieve their business goals.<\/p>\n\n\n\n<p>At AuditGMP we make copies of audit reports.<\/p>\n\n\n\n<p><a href=\"https:\/\/auditgmp.net\/en\/contact\">More information<\/a><\/p>\n<\/div>\n<\/div>\n<\/div>\n\n<div class=\"alignwide-wrap\" data-block=\"columns\">\n<div class=\"wp-block-columns alignwide has-palette-3-background-color has-background\">\n<div class=\"wp-block-column\"><\/div>\n\n\n\n<div class=\"wp-block-column\">\n<h2 class=\"wp-block-heading has-no-margin-top has-custom-transform\" id=\"e-shop\" style=\"text-transform:uppercase;font-size:20px\">Training<\/h2>\n\n\n\n<p>In any aspect related to the performance of GMP audits and compliance with other standards.<\/p>\n\n\n\n<p><a href=\"https:\/\/auditgmp.net\/en\/contact\">More information<\/a><\/p>\n<\/div>\n\n\n\n<div class=\"wp-block-column\">\n<figure class=\"wp-block-image size-full\"><img loading=\"lazy\" decoding=\"async\" width=\"400\" height=\"500\" src=\"https:\/\/auditgmp.net\/\/wp-content\/uploads\/2023\/07\/formacion-aufitgmp.jpg\" alt=\"\" class=\"wp-image-1714\"\/><\/figure>\n<\/div>\n\n\n\n<div class=\"wp-block-column\"><\/div>\n<\/div>\n<\/div>\n\n\n<div style=\"height:63px\" aria-hidden=\"true\" class=\"wp-block-spacer\"><\/div>\n\n\n<div class=\"alignwide-wrap\" data-block=\"media-text\">\n<div class=\"wp-block-media-text alignwide is-stacked-on-mobile has-background has-palette-4-background-color\" style=\"grid-template-columns:31% auto\"><figure class=\"wp-block-media-text__media\"><img loading=\"lazy\" decoding=\"async\" width=\"640\" height=\"640\" src=\"https:\/\/auditgmp.net\/\/wp-content\/uploads\/2023\/07\/contacto-auditgmp2.jpg\" alt=\"\" class=\"wp-image-1712 size-full\" srcset=\"https:\/\/auditgmp.net\/wp-content\/uploads\/2023\/07\/contacto-auditgmp2.jpg 640w, https:\/\/auditgmp.net\/wp-content\/uploads\/2023\/07\/contacto-auditgmp2-480x480.jpg 480w\" sizes=\"auto, (max-width: 640px) 100vw, 640px\" \/><\/figure><div class=\"wp-block-media-text__content\">\n<h2 class=\"wp-block-heading has-color-accent-text-mod-color has-text-color\" id=\"and-municipal-above-don-t-attentive-went\">Don&#8217;t you know what service you need?<\/h2>\n\n\n\n<p class=\"has-color-accent-text-mod-color has-text-color has-large-font-size\">Contact us and we will recommend the service that best suits the specific needs of your business.<\/p>\n\n\n\n<div class=\"wp-block-buttons is-layout-flex wp-block-buttons-is-layout-flex\">\n<div class=\"wp-block-button is-style-fill\"><a class=\"wp-block-button__link wp-element-button\" href=\"https:\/\/auditgmp.net\/en\/contact\">Contact us<\/a><\/div>\n<\/div>\n<\/div><\/div>\n<\/div>","protected":false},"excerpt":{"rendered":"<div class=\"entry-summary\">\n<div class=\"entry-summary\">\nServices Discover all the services that AuditGMP can offer you. Audits AuditGMP performs regulatory compliance assessment audits for suppliers and customers. More informarion Copies Most of our audits are conducted with the possibility of being shared with third parties. We&hellip;\n<\/div>\n<div class=\"link-more-container\"><a href=\"https:\/\/auditgmp.net\/en\/audit-services-auditgmp\" class=\"link-more\" aria-label=\"Continue reading Services\">Continue reading&hellip;<\/a><\/div>\n<\/div>\n<div class=\"link-more-container\"><a href=\"https:\/\/auditgmp.net\/en\/audit-services-auditgmp\" class=\"link-more\" aria-label=\"Continue reading Services\">Continue reading&hellip;<\/a><\/div>\n","protected":false},"author":1,"featured_media":1889,"parent":0,"menu_order":0,"comment_status":"closed","ping_status":"closed","template":"templates\/no-intro.php","meta":{"_coblocks_attr":"","_coblocks_dimensions":"","_coblocks_responsive_height":"{\"coblocks-shape-divider-14105744305\":{\"backgroundHeight\":{\"height\":20}},\"coblocks-shape-divider-14105855857\":{\"backgroundHeight\":{\"height\":50},\"shapeHeight\":{\"height\":100}}}","_coblocks_accordion_ie_support":"","footnotes":""},"class_list":["post-1938","page","type-page","status-publish","has-post-thumbnail","hentry","entry","entry-type-page"],"yoast_head":"<!-- This site is optimized with the Yoast SEO plugin v21.7 - https:\/\/yoast.com\/wordpress\/plugins\/seo\/ -->\n<title>Services - AuditGMP<\/title>\n<meta name=\"robots\" content=\"index, follow, max-snippet:-1, max-image-preview:large, max-video-preview:-1\" \/>\n<link rel=\"canonical\" href=\"https:\/\/auditgmp.net\/en\/audit-services-auditgmp\" \/>\n<meta property=\"og:locale\" content=\"en_US\" \/>\n<meta property=\"og:type\" content=\"article\" \/>\n<meta property=\"og:title\" content=\"Services - AuditGMP\" \/>\n<meta property=\"og:description\" content=\"Services Discover all the services that AuditGMP can offer you. Audits AuditGMP performs regulatory compliance assessment audits for suppliers and customers. More informarion Copies Most of our audits are conducted with the possibility of being shared with third parties. We&hellip; Continue reading&hellip;\" \/>\n<meta property=\"og:url\" content=\"https:\/\/auditgmp.net\/en\/audit-services-auditgmp\" \/>\n<meta property=\"og:site_name\" content=\"AuditGMP\" \/>\n<meta property=\"article:modified_time\" content=\"2023-07-24T13:24:12+00:00\" \/>\n<meta property=\"og:image\" content=\"https:\/\/auditgmp.net\/wp-content\/uploads\/2023\/07\/servicios-auditgmp.jpg\" \/>\n\t<meta property=\"og:image:width\" content=\"700\" \/>\n\t<meta property=\"og:image:height\" content=\"467\" \/>\n\t<meta property=\"og:image:type\" content=\"image\/jpeg\" \/>\n<meta name=\"twitter:card\" content=\"summary_large_image\" \/>\n<meta name=\"twitter:label1\" content=\"Est. reading time\" \/>\n\t<meta name=\"twitter:data1\" content=\"2 minutes\" \/>\n<script type=\"application\/ld+json\" class=\"yoast-schema-graph\">{\"@context\":\"https:\/\/schema.org\",\"@graph\":[{\"@type\":\"WebPage\",\"@id\":\"https:\/\/auditgmp.net\/en\/audit-services-auditgmp\",\"url\":\"https:\/\/auditgmp.net\/en\/audit-services-auditgmp\",\"name\":\"Services - AuditGMP\",\"isPartOf\":{\"@id\":\"https:\/\/auditgmp.net\/en#website\"},\"datePublished\":\"2020-01-15T21:31:36+00:00\",\"dateModified\":\"2023-07-24T13:24:12+00:00\",\"breadcrumb\":{\"@id\":\"https:\/\/auditgmp.net\/en\/audit-services-auditgmp#breadcrumb\"},\"inLanguage\":\"en-US\",\"potentialAction\":[{\"@type\":\"ReadAction\",\"target\":[\"https:\/\/auditgmp.net\/en\/audit-services-auditgmp\"]}]},{\"@type\":\"BreadcrumbList\",\"@id\":\"https:\/\/auditgmp.net\/en\/audit-services-auditgmp#breadcrumb\",\"itemListElement\":[{\"@type\":\"ListItem\",\"position\":1,\"name\":\"Portada\",\"item\":\"https:\/\/auditgmp.net\/en\"},{\"@type\":\"ListItem\",\"position\":2,\"name\":\"Services\"}]},{\"@type\":\"WebSite\",\"@id\":\"https:\/\/auditgmp.net\/en#website\",\"url\":\"https:\/\/auditgmp.net\/en\",\"name\":\"AuditGMP\",\"description\":\"Servicios de auditor\u00edas y certificaci\u00f3n de cumplimiento GMP a la Industria Farmac\u00e9utica\",\"publisher\":{\"@id\":\"https:\/\/auditgmp.net\/en#organization\"},\"potentialAction\":[{\"@type\":\"SearchAction\",\"target\":{\"@type\":\"EntryPoint\",\"urlTemplate\":\"https:\/\/auditgmp.net\/en?s={search_term_string}\"},\"query-input\":\"required name=search_term_string\"}],\"inLanguage\":\"en-US\"},{\"@type\":\"Organization\",\"@id\":\"https:\/\/auditgmp.net\/en#organization\",\"name\":\"AuditGMP\",\"url\":\"https:\/\/auditgmp.net\/en\",\"logo\":{\"@type\":\"ImageObject\",\"inLanguage\":\"en-US\",\"@id\":\"https:\/\/auditgmp.net\/en#\/schema\/logo\/image\/\",\"url\":\"https:\/\/auditgmp.net\/wp-content\/uploads\/2024\/01\/logo-auditgmp01.png\",\"contentUrl\":\"https:\/\/auditgmp.net\/wp-content\/uploads\/2024\/01\/logo-auditgmp01.png\",\"width\":297,\"height\":75,\"caption\":\"AuditGMP\"},\"image\":{\"@id\":\"https:\/\/auditgmp.net\/en#\/schema\/logo\/image\/\"}}]}<\/script>\n<!-- \/ Yoast SEO plugin. -->","yoast_head_json":{"title":"Services - AuditGMP","robots":{"index":"index","follow":"follow","max-snippet":"max-snippet:-1","max-image-preview":"max-image-preview:large","max-video-preview":"max-video-preview:-1"},"canonical":"https:\/\/auditgmp.net\/en\/audit-services-auditgmp","og_locale":"en_US","og_type":"article","og_title":"Services - AuditGMP","og_description":"Services Discover all the services that AuditGMP can offer you. Audits AuditGMP performs regulatory compliance assessment audits for suppliers and customers. More informarion Copies Most of our audits are conducted with the possibility of being shared with third parties. We&hellip; Continue reading&hellip;","og_url":"https:\/\/auditgmp.net\/en\/audit-services-auditgmp","og_site_name":"AuditGMP","article_modified_time":"2023-07-24T13:24:12+00:00","og_image":[{"width":700,"height":467,"url":"https:\/\/auditgmp.net\/wp-content\/uploads\/2023\/07\/servicios-auditgmp.jpg","type":"image\/jpeg"}],"twitter_card":"summary_large_image","twitter_misc":{"Est. reading time":"2 minutes"},"schema":{"@context":"https:\/\/schema.org","@graph":[{"@type":"WebPage","@id":"https:\/\/auditgmp.net\/en\/audit-services-auditgmp","url":"https:\/\/auditgmp.net\/en\/audit-services-auditgmp","name":"Services - AuditGMP","isPartOf":{"@id":"https:\/\/auditgmp.net\/en#website"},"datePublished":"2020-01-15T21:31:36+00:00","dateModified":"2023-07-24T13:24:12+00:00","breadcrumb":{"@id":"https:\/\/auditgmp.net\/en\/audit-services-auditgmp#breadcrumb"},"inLanguage":"en-US","potentialAction":[{"@type":"ReadAction","target":["https:\/\/auditgmp.net\/en\/audit-services-auditgmp"]}]},{"@type":"BreadcrumbList","@id":"https:\/\/auditgmp.net\/en\/audit-services-auditgmp#breadcrumb","itemListElement":[{"@type":"ListItem","position":1,"name":"Portada","item":"https:\/\/auditgmp.net\/en"},{"@type":"ListItem","position":2,"name":"Services"}]},{"@type":"WebSite","@id":"https:\/\/auditgmp.net\/en#website","url":"https:\/\/auditgmp.net\/en","name":"AuditGMP","description":"Servicios de auditor\u00edas y certificaci\u00f3n de cumplimiento GMP a la Industria Farmac\u00e9utica","publisher":{"@id":"https:\/\/auditgmp.net\/en#organization"},"potentialAction":[{"@type":"SearchAction","target":{"@type":"EntryPoint","urlTemplate":"https:\/\/auditgmp.net\/en?s={search_term_string}"},"query-input":"required name=search_term_string"}],"inLanguage":"en-US"},{"@type":"Organization","@id":"https:\/\/auditgmp.net\/en#organization","name":"AuditGMP","url":"https:\/\/auditgmp.net\/en","logo":{"@type":"ImageObject","inLanguage":"en-US","@id":"https:\/\/auditgmp.net\/en#\/schema\/logo\/image\/","url":"https:\/\/auditgmp.net\/wp-content\/uploads\/2024\/01\/logo-auditgmp01.png","contentUrl":"https:\/\/auditgmp.net\/wp-content\/uploads\/2024\/01\/logo-auditgmp01.png","width":297,"height":75,"caption":"AuditGMP"},"image":{"@id":"https:\/\/auditgmp.net\/en#\/schema\/logo\/image\/"}}]}},"_links":{"self":[{"href":"https:\/\/auditgmp.net\/en\/wp-json\/wp\/v2\/pages\/1938","targetHints":{"allow":["GET"]}}],"collection":[{"href":"https:\/\/auditgmp.net\/en\/wp-json\/wp\/v2\/pages"}],"about":[{"href":"https:\/\/auditgmp.net\/en\/wp-json\/wp\/v2\/types\/page"}],"author":[{"embeddable":true,"href":"https:\/\/auditgmp.net\/en\/wp-json\/wp\/v2\/users\/1"}],"replies":[{"embeddable":true,"href":"https:\/\/auditgmp.net\/en\/wp-json\/wp\/v2\/comments?post=1938"}],"version-history":[{"count":3,"href":"https:\/\/auditgmp.net\/en\/wp-json\/wp\/v2\/pages\/1938\/revisions"}],"predecessor-version":[{"id":1942,"href":"https:\/\/auditgmp.net\/en\/wp-json\/wp\/v2\/pages\/1938\/revisions\/1942"}],"wp:featuredmedia":[{"embeddable":true,"href":"https:\/\/auditgmp.net\/en\/wp-json\/wp\/v2\/media\/1889"}],"wp:attachment":[{"href":"https:\/\/auditgmp.net\/en\/wp-json\/wp\/v2\/media?parent=1938"}],"curies":[{"name":"wp","href":"https:\/\/api.w.org\/{rel}","templated":true}]}}