{"id":1929,"date":"2020-01-31T18:50:23","date_gmt":"2020-01-31T17:50:23","guid":{"rendered":"http:\/\/auditgmp.net\/sobre-nosotros"},"modified":"2023-09-07T16:04:20","modified_gmt":"2023-09-07T16:04:20","slug":"sobre-nosotros","status":"publish","type":"page","link":"https:\/\/auditgmp.net\/en\/sobre-nosotros","title":{"rendered":"About us"},"content":{"rendered":"<div class=\"alignwide-wrap\" data-block=\"columns\">\n<div class=\"wp-block-columns alignwide\">\n<div class=\"wp-block-column\">\n<h1 class=\"wp-block-heading\">About us<\/h1>\n\n\n\n<p><strong>AuditGMP Pharma S.L. (AuditGMP)<\/strong> is a company dedicated to providing complete audit services to third parties with a high technical level. AuditGMP is accredited as an independent inspection organization by the National Accreditation Entity (ENAC) under the UNE-EN ISO\/IEC 17020 standard. Our accreditation guarantees our impartiality and independence.<\/p>\n\n\n\n<p class=\"has-large-font-size\"><\/p>\n<\/div>\n\n\n\n<div class=\"wp-block-column\"><div class=\"wp-block-image\">\n<figure class=\"align-horizontal-wrap alignright size-thumbnail\"><img loading=\"lazy\" decoding=\"async\" width=\"480\" height=\"306\" src=\"\/wp-content\/uploads\/2023\/06\/logo-ENAC-480x306.png\" alt=\"\" class=\"wp-image-1567\" srcset=\"https:\/\/auditgmp.net\/wp-content\/uploads\/2023\/06\/logo-ENAC-480x306.png 480w, https:\/\/auditgmp.net\/wp-content\/uploads\/2023\/06\/logo-ENAC-640x408.png 640w, https:\/\/auditgmp.net\/wp-content\/uploads\/2023\/06\/logo-ENAC.png 700w\" sizes=\"auto, (max-width: 480px) 100vw, 480px\" \/><\/figure>\n<\/div><\/div>\n<\/div>\n<\/div>\n<div style=\"height:100px\" aria-hidden=\"true\" class=\"wp-block-spacer\"><\/div>\n\n<div class=\"wp-block-cover alignfull is-light has-parallax\"><span aria-hidden=\"true\" class=\"wp-block-cover__background has-background-dim-30 has-background-dim\"><\/span><div role=\"img\" class=\"wp-block-cover__image-background wp-image-1725 has-parallax\" style=\"background-position:50% 50%;background-image:url(\/wp-content\/uploads\/2023\/07\/sobre-nosotros-auditgmp.jpg)\"><\/div><div class=\"wp-block-cover__inner-container is-layout-flow wp-block-cover-is-layout-flow\">\n<p class=\"has-text-align-center has-large-font-size\"><\/p>\n<\/div><\/div>\n\n<div style=\"height:100px\" aria-hidden=\"true\" class=\"wp-block-spacer mt-0\"><\/div>\n<div class=\"alignwide-wrap\" data-block=\"heading\">\n<h2 class=\"wp-block-heading alignwide\">Mission, vision and values<\/h2>\n<\/div><div class=\"alignwide-wrap\" data-block=\"columns\">\n<div class=\"wp-block-columns alignwide\">\n<div class=\"wp-block-column\">\n<p><strong>Mission<\/strong>: Provide independent audit services of a high technical level and adapted to the specific needs of our clients.<\/p>\n\n\n\n<p><strong>Vision<\/strong>: To be the reference provider of audit services for the chemical and pharmaceutical industry.<\/p>\n<\/div>\n<\/div>\n<\/div>\n<div style=\"height:100px\" aria-hidden=\"true\" class=\"wp-block-spacer\"><\/div>\n<div class=\"alignwide-wrap\" data-block=\"columns\">\n<div class=\"wp-block-columns alignwide has-palette-5-background-color has-background\">\n<div class=\"wp-block-column\">\n<p class=\"has-no-margin-bottom has-color-accent-color has-text-color has-extra-large-font-size\">1<\/p>\n\n\n\n<hr class=\"wp-block-separator has-css-opacity is-style-wide has-no-margin-top has-regular-margin-bottom\"\/>\n\n\n\n<h4 class=\"wp-block-heading has-no-margin-top\">Quality<\/h4>\n\n\n\n<p>Quality is our commitment both in the services we provide and in our internal organization.<\/p>\n<\/div>\n\n\n\n<div class=\"wp-block-column\">\n<p class=\"has-no-margin-bottom has-color-accent-color has-text-color has-extra-large-font-size\">2<\/p>\n\n\n\n<hr class=\"wp-block-separator has-css-opacity is-style-wide has-no-margin-top has-regular-margin-bottom\"\/>\n\n\n\n<h4 class=\"wp-block-heading has-no-margin-top\">Client orientation<\/h4>\n\n\n\n<p>We focus on the client, adapting to their needs with the utmost honesty and adaptability.<\/p>\n<\/div>\n\n\n\n<div class=\"wp-block-column\">\n<p class=\"has-no-margin-bottom is-style-default has-color-accent-color has-text-color has-extra-large-font-size\">3<\/p>\n\n\n\n<hr class=\"wp-block-separator has-css-opacity is-style-wide has-no-margin-top has-regular-margin-bottom\"\/>\n\n\n\n<h4 class=\"wp-block-heading has-no-margin-top\">Knowledge<\/h4>\n\n\n\n<p>Constant update on the development of our activities.<\/p>\n<\/div>\n<\/div>\n<\/div>\n<div style=\"height:50px\" aria-hidden=\"true\" class=\"wp-block-spacer\"><\/div>\n\n<div style=\"height:100px\" aria-hidden=\"true\" class=\"wp-block-spacer\"><\/div>\n<div class=\"alignwide-wrap\" data-block=\"heading\">\n<h2 class=\"wp-block-heading alignwide has-text-align-left\">AuditGMP Team<\/h2>\n<\/div><div class=\"alignwide-wrap\" data-block=\"columns\">\n<div class=\"wp-block-columns alignwide\">\n<div class=\"wp-block-column\">\n<p>AuditGMP auditors have extensive experience in the Pharmaceutical Industry, both in drugs and APIs and in conducting audits and receiving audits and inspections.<\/p>\n\n\n<div class=\"wp-block-image\">\n<figure class=\"align-horizontal-wrap alignleft\"><img decoding=\"async\" src=\"https:\/\/static.wixstatic.com\/media\/035244_19bb096c6c3a4128a135a5a73f5cb8bb~mv2.png\/v1\/fill\/w_23,h_23,al_c,q_85,usm_0.66_1.00_0.01,enc_auto\/035244_19bb096c6c3a4128a135a5a73f5cb8bb~mv2.png\" alt=\"\"\/><\/figure>\n<\/div>\n\n\n<p><strong>Full independence<\/strong><\/p>\n\n\n<div class=\"wp-block-image\">\n<figure class=\"align-horizontal-wrap alignleft\"><img decoding=\"async\" src=\"https:\/\/static.wixstatic.com\/media\/035244_0b3967ce744d4abf9724f3904d24cbec~mv2.png\/v1\/fill\/w_23,h_23,al_c,q_85,usm_0.66_1.00_0.01,enc_auto\/035244_0b3967ce744d4abf9724f3904d24cbec~mv2.png\" alt=\"\"\/><\/figure>\n<\/div>\n\n\n<p><strong>Highly qualified auditors<\/strong><\/p>\n\n\n<div class=\"wp-block-image\">\n<figure class=\"align-horizontal-wrap alignleft\"><img decoding=\"async\" src=\"https:\/\/static.wixstatic.com\/media\/035244_7af1b4eeba30431ba6fde5a7439eeec1~mv2.png\/v1\/fill\/w_23,h_23,al_c,q_85,usm_0.66_1.00_0.01,enc_auto\/035244_7af1b4eeba30431ba6fde5a7439eeec1~mv2.png\" alt=\"\"\/><\/figure>\n<\/div>\n\n\n<p><strong>Higher level audits<\/strong><\/p>\n\n\n\n<p>Our team allows us to carry out our activity with the maximum guarantees.<\/p>\n\n\n\n<p>AuditGMP auditors have extensive experience in the chemical and pharmaceutical industry. We have specialists for every need who are continuously trained and re-evaluated, ensuring their knowledge update and independence.<\/p>\n\n\n\n<p>Our Business Development, Planning, Quality and Financial teams ensure our customer-oriented operation and compliance with our standards, from the service request to its completion.<\/p>\n\n\n\n<div class=\"wp-block-buttons is-layout-flex wp-block-buttons-is-layout-flex\">\n<div class=\"wp-block-button is-style-outline is-style-outline--1\"><a class=\"wp-block-button__link wp-element-button\" href=\"\/wp-content\/uploads\/2023\/07\/AuditGMP-Brochure-EN.pdf\" style=\"padding-top:var(--wp--preset--spacing--20);padding-right:var(--wp--preset--spacing--20);padding-bottom:var(--wp--preset--spacing--20);padding-left:var(--wp--preset--spacing--20)\" target=\"_blank\" rel=\"noreferrer noopener\">Download Brochure<\/a><\/div>\n\n\n\n<div class=\"wp-block-button is-style-outline is-style-outline--2\"><a class=\"wp-block-button__link wp-element-button\" href=\"https:\/\/auditgmp.net\/en\/quality-policy\" style=\"padding-top:var(--wp--preset--spacing--20);padding-right:var(--wp--preset--spacing--20);padding-bottom:var(--wp--preset--spacing--20);padding-left:var(--wp--preset--spacing--20)\" target=\"_blank\" rel=\"noreferrer noopener\">See Quality policy<\/a><\/div>\n<\/div>\n<\/div>\n\n\n\n<div class=\"wp-block-column\">\n<figure class=\"wp-block-image size-full\"><img loading=\"lazy\" decoding=\"async\" width=\"800\" height=\"533\" src=\"\/wp-content\/uploads\/2023\/07\/equipo-auditgmp.jpg\" alt=\"\" class=\"wp-image-1722\" srcset=\"https:\/\/auditgmp.net\/wp-content\/uploads\/2023\/07\/equipo-auditgmp.jpg 800w, https:\/\/auditgmp.net\/wp-content\/uploads\/2023\/07\/equipo-auditgmp-640x426.jpg 640w, https:\/\/auditgmp.net\/wp-content\/uploads\/2023\/07\/equipo-auditgmp-480x320.jpg 480w, https:\/\/auditgmp.net\/wp-content\/uploads\/2023\/07\/equipo-auditgmp-768x512.jpg 768w\" sizes=\"auto, (max-width: 800px) 100vw, 800px\" \/><\/figure>\n<\/div>\n<\/div>\n<\/div>\n<div style=\"height:100px\" aria-hidden=\"true\" class=\"wp-block-spacer\"><\/div>\n<div class=\"alignwide-wrap\" data-block=\"heading\">\n<h2 class=\"wp-block-heading alignwide has-text-align-left\">Clients<\/h2>\n<\/div><div class=\"alignwide-wrap\" data-block=\"columns\">\n<div class=\"wp-block-columns alignwide\">\n<div class=\"wp-block-column\">\n<p>AuditGMP has clients and audited plants all over the world.<\/p>\n<\/div>\n<\/div>\n<\/div>\n<div style=\"height:45px\" aria-hidden=\"true\" class=\"wp-block-spacer\"><\/div>\n","protected":false},"excerpt":{"rendered":"<div class=\"entry-summary\">\n<div class=\"entry-summary\">\nAbout us AuditGMP Pharma S.L. (AuditGMP) is a company dedicated to providing complete audit services to third parties with a high technical level. AuditGMP is accredited as an independent inspection organization by the National Accreditation Entity (ENAC) under the UNE-EN&hellip;\n<\/div>\n<div class=\"link-more-container\"><a href=\"https:\/\/auditgmp.net\/en\/sobre-nosotros\" class=\"link-more\" aria-label=\"Continue reading About us\">Continue reading&hellip;<\/a><\/div>\n<\/div>\n<div class=\"link-more-container\"><a href=\"https:\/\/auditgmp.net\/en\/sobre-nosotros\" class=\"link-more\" aria-label=\"Continue reading About us\">Continue reading&hellip;<\/a><\/div>\n","protected":false},"author":1,"featured_media":0,"parent":0,"menu_order":0,"comment_status":"closed","ping_status":"closed","template":"templates\/no-intro.php","meta":{"_coblocks_attr":"","_coblocks_dimensions":"","_coblocks_responsive_height":"{\"coblocks-shape-divider-14105139780\":{\"backgroundHeight\":{\"height\":50}}}","_coblocks_accordion_ie_support":"","footnotes":""},"class_list":["post-1929","page","type-page","status-publish","hentry","entry","entry-type-page"],"yoast_head":"<!-- This site is optimized with the Yoast SEO plugin v21.7 - https:\/\/yoast.com\/wordpress\/plugins\/seo\/ -->\n<title>About us - AuditGMP<\/title>\n<meta name=\"robots\" content=\"index, follow, max-snippet:-1, max-image-preview:large, max-video-preview:-1\" \/>\n<link rel=\"canonical\" href=\"https:\/\/auditgmp.net\/en\/sobre-nosotros\" \/>\n<meta property=\"og:locale\" content=\"en_US\" \/>\n<meta property=\"og:type\" content=\"article\" \/>\n<meta property=\"og:title\" content=\"About us - AuditGMP\" \/>\n<meta property=\"og:description\" content=\"About us AuditGMP Pharma S.L. (AuditGMP) is a company dedicated to providing complete audit services to third parties with a high technical level. AuditGMP is accredited as an independent inspection organization by the National Accreditation Entity (ENAC) under the UNE-EN&hellip; Continue reading&hellip;\" \/>\n<meta property=\"og:url\" content=\"https:\/\/auditgmp.net\/en\/sobre-nosotros\" \/>\n<meta property=\"og:site_name\" content=\"AuditGMP\" \/>\n<meta property=\"article:modified_time\" content=\"2023-09-07T16:04:20+00:00\" \/>\n<meta property=\"og:image\" content=\"https:\/\/static.wixstatic.com\/media\/035244_19bb096c6c3a4128a135a5a73f5cb8bb~mv2.png\/v1\/fill\/w_23,h_23,al_c,q_85,usm_0.66_1.00_0.01,enc_auto\/035244_19bb096c6c3a4128a135a5a73f5cb8bb~mv2.png\" \/>\n<meta name=\"twitter:card\" content=\"summary_large_image\" \/>\n<meta name=\"twitter:label1\" content=\"Est. reading time\" \/>\n\t<meta name=\"twitter:data1\" content=\"3 minutes\" \/>\n<script type=\"application\/ld+json\" class=\"yoast-schema-graph\">{\"@context\":\"https:\/\/schema.org\",\"@graph\":[{\"@type\":\"WebPage\",\"@id\":\"https:\/\/auditgmp.net\/en\/sobre-nosotros\",\"url\":\"https:\/\/auditgmp.net\/en\/sobre-nosotros\",\"name\":\"About us - AuditGMP\",\"isPartOf\":{\"@id\":\"https:\/\/auditgmp.net\/en#website\"},\"datePublished\":\"2020-01-31T17:50:23+00:00\",\"dateModified\":\"2023-09-07T16:04:20+00:00\",\"breadcrumb\":{\"@id\":\"https:\/\/auditgmp.net\/en\/sobre-nosotros#breadcrumb\"},\"inLanguage\":\"en-US\",\"potentialAction\":[{\"@type\":\"ReadAction\",\"target\":[\"https:\/\/auditgmp.net\/en\/sobre-nosotros\"]}]},{\"@type\":\"BreadcrumbList\",\"@id\":\"https:\/\/auditgmp.net\/en\/sobre-nosotros#breadcrumb\",\"itemListElement\":[{\"@type\":\"ListItem\",\"position\":1,\"name\":\"Portada\",\"item\":\"https:\/\/auditgmp.net\/en\"},{\"@type\":\"ListItem\",\"position\":2,\"name\":\"About us\"}]},{\"@type\":\"WebSite\",\"@id\":\"https:\/\/auditgmp.net\/en#website\",\"url\":\"https:\/\/auditgmp.net\/en\",\"name\":\"AuditGMP\",\"description\":\"Servicios de auditor\u00edas y certificaci\u00f3n de cumplimiento GMP a la Industria Farmac\u00e9utica\",\"publisher\":{\"@id\":\"https:\/\/auditgmp.net\/en#organization\"},\"potentialAction\":[{\"@type\":\"SearchAction\",\"target\":{\"@type\":\"EntryPoint\",\"urlTemplate\":\"https:\/\/auditgmp.net\/en?s={search_term_string}\"},\"query-input\":\"required name=search_term_string\"}],\"inLanguage\":\"en-US\"},{\"@type\":\"Organization\",\"@id\":\"https:\/\/auditgmp.net\/en#organization\",\"name\":\"AuditGMP\",\"url\":\"https:\/\/auditgmp.net\/en\",\"logo\":{\"@type\":\"ImageObject\",\"inLanguage\":\"en-US\",\"@id\":\"https:\/\/auditgmp.net\/en#\/schema\/logo\/image\/\",\"url\":\"https:\/\/auditgmp.net\/wp-content\/uploads\/2024\/01\/logo-auditgmp01.png\",\"contentUrl\":\"https:\/\/auditgmp.net\/wp-content\/uploads\/2024\/01\/logo-auditgmp01.png\",\"width\":297,\"height\":75,\"caption\":\"AuditGMP\"},\"image\":{\"@id\":\"https:\/\/auditgmp.net\/en#\/schema\/logo\/image\/\"}}]}<\/script>\n<!-- \/ Yoast SEO plugin. -->","yoast_head_json":{"title":"About us - AuditGMP","robots":{"index":"index","follow":"follow","max-snippet":"max-snippet:-1","max-image-preview":"max-image-preview:large","max-video-preview":"max-video-preview:-1"},"canonical":"https:\/\/auditgmp.net\/en\/sobre-nosotros","og_locale":"en_US","og_type":"article","og_title":"About us - AuditGMP","og_description":"About us AuditGMP Pharma S.L. (AuditGMP) is a company dedicated to providing complete audit services to third parties with a high technical level. AuditGMP is accredited as an independent inspection organization by the National Accreditation Entity (ENAC) under the UNE-EN&hellip; Continue reading&hellip;","og_url":"https:\/\/auditgmp.net\/en\/sobre-nosotros","og_site_name":"AuditGMP","article_modified_time":"2023-09-07T16:04:20+00:00","og_image":[{"url":"https:\/\/static.wixstatic.com\/media\/035244_19bb096c6c3a4128a135a5a73f5cb8bb~mv2.png\/v1\/fill\/w_23,h_23,al_c,q_85,usm_0.66_1.00_0.01,enc_auto\/035244_19bb096c6c3a4128a135a5a73f5cb8bb~mv2.png"}],"twitter_card":"summary_large_image","twitter_misc":{"Est. reading time":"3 minutes"},"schema":{"@context":"https:\/\/schema.org","@graph":[{"@type":"WebPage","@id":"https:\/\/auditgmp.net\/en\/sobre-nosotros","url":"https:\/\/auditgmp.net\/en\/sobre-nosotros","name":"About us - AuditGMP","isPartOf":{"@id":"https:\/\/auditgmp.net\/en#website"},"datePublished":"2020-01-31T17:50:23+00:00","dateModified":"2023-09-07T16:04:20+00:00","breadcrumb":{"@id":"https:\/\/auditgmp.net\/en\/sobre-nosotros#breadcrumb"},"inLanguage":"en-US","potentialAction":[{"@type":"ReadAction","target":["https:\/\/auditgmp.net\/en\/sobre-nosotros"]}]},{"@type":"BreadcrumbList","@id":"https:\/\/auditgmp.net\/en\/sobre-nosotros#breadcrumb","itemListElement":[{"@type":"ListItem","position":1,"name":"Portada","item":"https:\/\/auditgmp.net\/en"},{"@type":"ListItem","position":2,"name":"About us"}]},{"@type":"WebSite","@id":"https:\/\/auditgmp.net\/en#website","url":"https:\/\/auditgmp.net\/en","name":"AuditGMP","description":"Servicios de auditor\u00edas y certificaci\u00f3n de cumplimiento GMP a la Industria Farmac\u00e9utica","publisher":{"@id":"https:\/\/auditgmp.net\/en#organization"},"potentialAction":[{"@type":"SearchAction","target":{"@type":"EntryPoint","urlTemplate":"https:\/\/auditgmp.net\/en?s={search_term_string}"},"query-input":"required name=search_term_string"}],"inLanguage":"en-US"},{"@type":"Organization","@id":"https:\/\/auditgmp.net\/en#organization","name":"AuditGMP","url":"https:\/\/auditgmp.net\/en","logo":{"@type":"ImageObject","inLanguage":"en-US","@id":"https:\/\/auditgmp.net\/en#\/schema\/logo\/image\/","url":"https:\/\/auditgmp.net\/wp-content\/uploads\/2024\/01\/logo-auditgmp01.png","contentUrl":"https:\/\/auditgmp.net\/wp-content\/uploads\/2024\/01\/logo-auditgmp01.png","width":297,"height":75,"caption":"AuditGMP"},"image":{"@id":"https:\/\/auditgmp.net\/en#\/schema\/logo\/image\/"}}]}},"_links":{"self":[{"href":"https:\/\/auditgmp.net\/en\/wp-json\/wp\/v2\/pages\/1929","targetHints":{"allow":["GET"]}}],"collection":[{"href":"https:\/\/auditgmp.net\/en\/wp-json\/wp\/v2\/pages"}],"about":[{"href":"https:\/\/auditgmp.net\/en\/wp-json\/wp\/v2\/types\/page"}],"author":[{"embeddable":true,"href":"https:\/\/auditgmp.net\/en\/wp-json\/wp\/v2\/users\/1"}],"replies":[{"embeddable":true,"href":"https:\/\/auditgmp.net\/en\/wp-json\/wp\/v2\/comments?post=1929"}],"version-history":[{"count":3,"href":"https:\/\/auditgmp.net\/en\/wp-json\/wp\/v2\/pages\/1929\/revisions"}],"predecessor-version":[{"id":2074,"href":"https:\/\/auditgmp.net\/en\/wp-json\/wp\/v2\/pages\/1929\/revisions\/2074"}],"wp:attachment":[{"href":"https:\/\/auditgmp.net\/en\/wp-json\/wp\/v2\/media?parent=1929"}],"curies":[{"name":"wp","href":"https:\/\/api.w.org\/{rel}","templated":true}]}}