{"id":1901,"date":"2020-01-26T11:20:51","date_gmt":"2020-01-26T11:20:51","guid":{"rendered":"https:\/\/auditgmp.net\/\/home-1"},"modified":"2023-11-07T11:30:39","modified_gmt":"2023-11-07T11:30:39","slug":"home-1","status":"publish","type":"page","link":"https:\/\/auditgmp.net\/en","title":{"rendered":"AuditGMP"},"content":{"rendered":"\n<div class=\"wp-block-cover alignfull has-parallax\" style=\"min-height:100vh;aspect-ratio:unset;\"><span aria-hidden=\"true\" class=\"wp-block-cover__background has-background-dim-60 has-background-dim\"><\/span><div role=\"img\" class=\"wp-block-cover__image-background wp-image-1589 has-parallax\" style=\"background-position:50% 50%;background-image:url(http:\/\/auditgmp.net\/wp-content\/uploads\/2023\/06\/crop-0-0-1920-640-0-auditgmp-auditores.jpg)\"><\/div><div class=\"wp-block-cover__inner-container is-layout-flow wp-block-cover-is-layout-flow\">\n<div class=\"wp-block-group alignfull\"><div class=\"wp-block-group__inner-container is-layout-constrained wp-block-group-is-layout-constrained\"><div class=\"alignwide-wrap\" data-block=\"heading\">\n<h3 class=\"wp-block-heading alignwide has-text-align-left\" style=\"font-style:normal;font-weight:400\">AuditGMP<\/h3>\n<\/div>\n\n<div class=\"alignwide-wrap\" data-block=\"heading\">\n<h1 class=\"wp-block-heading alignwide has-text-align-left\">Audit services and<br>GMP certification to <br>Pharmaceutical <br>industry<\/h1>\n<\/div><\/div><\/div>\n<\/div><\/div>\n\n\n\n<div style=\"height:100px\" aria-hidden=\"true\" class=\"wp-block-spacer\"><\/div>\n\n\n\n<div class=\"wp-block-columns alignfull has-regular-padding\">\n<div class=\"wp-block-column\" style=\"flex-basis:62%\">\n<div aria-label=\"Collage Gallery\" class=\"wp-block-coblocks-gallery-collage has-medium-gutter\"><ul><li class=\"wp-block-coblocks-gallery-collage__item item-1\"><figure class=\"wp-block-coblocks-gallery-collage__figure\"><img loading=\"lazy\" decoding=\"async\" width=\"700\" height=\"467\" alt=\"Gallery Image\" class=\"wp-image-1717\" data-id=\"1717\" data-imglink=\"\" data-index=\"0\" data-link=\"\/servicios-auditorias-auditgmp\/servicios-auditgmp\" src=\"\/wp-content\/uploads\/2023\/07\/servicios-auditgmp.jpg\" srcset=\"https:\/\/auditgmp.net\/wp-content\/uploads\/2023\/07\/servicios-auditgmp.jpg 700w, https:\/\/auditgmp.net\/wp-content\/uploads\/2023\/07\/servicios-auditgmp-640x427.jpg 640w, https:\/\/auditgmp.net\/wp-content\/uploads\/2023\/07\/servicios-auditgmp-480x320.jpg 480w\" sizes=\"auto, (max-width: 700px) 100vw, 700px\" \/><\/figure><\/li><li class=\"wp-block-coblocks-gallery-collage__item item-2\"><figure class=\"wp-block-coblocks-gallery-collage__figure\"><img loading=\"lazy\" decoding=\"async\" width=\"400\" height=\"500\" alt=\"Gallery Image\" class=\"wp-image-1716\" data-id=\"1716\" data-imglink=\"\" data-index=\"1\" data-link=\"\/servicios-auditorias-auditgmp\/certificaciones-audigmp\" src=\"\/wp-content\/uploads\/2023\/07\/certificaciones-audigmp.jpg\"\/><\/figure><\/li><li class=\"wp-block-coblocks-gallery-collage__item item-3\"><figure class=\"wp-block-coblocks-gallery-collage__figure\"><img loading=\"lazy\" decoding=\"async\" width=\"400\" height=\"500\" alt=\"Gallery Image\" class=\"wp-image-1719\" data-id=\"1719\" data-imglink=\"\" data-index=\"2\" data-link=\"\/servicios-auditorias-auditgmp\/copias-auditgmp\" src=\"\/wp-content\/uploads\/2023\/07\/copias-auditgmp.jpg\"\/><\/figure><\/li><li class=\"wp-block-coblocks-gallery-collage__item item-4\"><figure class=\"wp-block-coblocks-gallery-collage__figure\"><img loading=\"lazy\" decoding=\"async\" width=\"400\" height=\"500\" alt=\"Gallery Image\" class=\"wp-image-1718\" data-id=\"1718\" data-imglink=\"\" data-index=\"3\" data-link=\"\/servicios-auditorias-auditgmp\/consultoria-auditgmp\" src=\"\/wp-content\/uploads\/2023\/07\/consultoria-auditgmp.jpg\"\/><\/figure><\/li><li class=\"wp-block-coblocks-gallery-collage__item item-5\"><figure class=\"wp-block-coblocks-gallery-collage__figure\"><img loading=\"lazy\" decoding=\"async\" width=\"400\" height=\"500\" alt=\"Gallery Image\" class=\"wp-image-1714\" data-id=\"1714\" data-imglink=\"\" data-index=\"4\" data-link=\"\/servicios-auditorias-auditgmp\/formacion-aufitgmp\" src=\"\/wp-content\/uploads\/2023\/07\/formacion-aufitgmp.jpg\"\/><\/figure><\/li><\/ul><\/div>\n<\/div>\n\n\n\n<div class=\"wp-block-column\" style=\"flex-basis:28%\">\n<h2 class=\"wp-block-heading\" id=\"cheek-assumed-spineless-sitting-the-covered\">AuditGMP, an independent and accredited company<\/h2>\n\n\n\n<p>As an independent and accredited company (ISO 17020), our mission is to carry out thorough and rigorous audits to assess GMP compliance in the Pharmaceutical Industry. We work closely with our clients, providing a personalized approach tailored to their specific needs.<\/p>\n\n\n\n<h3 class=\"wp-block-heading\" id=\"more-and-for-be-client-have\">Audit team<\/h3>\n\n\n\n<p>Our team of highly trained auditors with extensive experience in the pharmaceutical sector conducts audits in an impartial and objective manner. In addition, we keep up to date on regulatory changes and industry best practices, which allows us to offer a quality and relevant audit service.<\/p>\n<\/div>\n\n\n\n<div class=\"wp-block-column\" style=\"flex-basis:10%\"><\/div>\n<\/div>\n\n\n\n<div style=\"height:150px\" aria-hidden=\"true\" class=\"wp-block-spacer\"><\/div>\n\n\n\n<div class=\"wp-block-group alignfull has-palette-4-background-color has-background\" style=\"padding-top:0px;padding-bottom:0px\"><div class=\"wp-block-group__inner-container is-layout-flow wp-block-group-is-layout-flow\">\n<div class=\"wp-block-cover alignfull is-light has-parallax\" style=\"padding-bottom:100px\"><span aria-hidden=\"true\" class=\"wp-block-cover__background has-background-dim\"><\/span><div role=\"img\" class=\"wp-block-cover__image-background wp-image-1725 has-parallax\" style=\"background-position:50% 50%;background-image:url(\/wp-content\/uploads\/2023\/07\/sobre-nosotros-auditgmp.jpg)\"><\/div><div class=\"wp-block-cover__inner-container is-layout-flow wp-block-cover-is-layout-flow\">\n<p class=\"has-text-align-center has-large-font-size\"><\/p>\n<\/div><\/div>\n<\/div><\/div>\n\n\n\n<div style=\"height:150px\" aria-hidden=\"true\" class=\"wp-block-spacer\"><\/div>\n\n\n<div class=\"alignwide-wrap\" data-block=\"columns\">\n<div class=\"wp-block-columns alignwide\">\n<div class=\"wp-block-column\" style=\"flex-basis:100%\">\n<h2 class=\"wp-block-heading\" id=\"more-and-for-be-client-have\">Our values define us<\/h2>\n\n\n\n<p><strong>Our mission is to constantly satisfy our customers<\/strong> by providing services that meet their quality expectations. In addition, we are committed to guaranteeing a high level in the GMP audit service in the pharmaceutical field, taking into account the GMP requirements on documentation and auditing issues.&nbsp;<a href=\"\/en\/about-us\">More information<\/a><\/p>\n<\/div>\n<\/div>\n<\/div>\n\n<div class=\"alignwide-wrap\" data-block=\"columns\">\n<div class=\"wp-block-columns alignwide\">\n<div class=\"wp-block-column\" style=\"flex-basis:100%\">\n<div class=\"wp-block-coblocks-features coblocks-features-0261263149\"><div class=\"wp-block-coblocks-features__inner has-columns has-3-columns has-responsive-columns has-center-content has-small-gutter\">\n<div class=\"wp-block-coblocks-feature coblocks-feature-02612631193\"><div class=\"wp-block-coblocks-feature__inner has-color-accent-background-color has-background has-text-color has-color-accent-text-color has-padding has-medium-padding\"><div class=\"wp-block-coblocks-icon\">\n\t\t\t\t<div class=\"wp-block-coblocks-icon__inner has-text-color has-palette-5-color\" style=\"height: 60px; width: 60px;\">\n\t\t\t\t\t<svg fill=\"none\" viewBox=\"0 0 20 20\" xmlns=\"http:\/\/www.w3.org\/2000\/svg\"><path d=\"m10.0268555 5.68859375.97 2.29.47 1.11 1.2.1 2.47.21-1.88 1.62999995-.91.79.27 1.18.56 2.41-2.12-1.28-1.03-.64-1.03000003.62-2.12 1.28.56-2.41.27-1.18-.91-.79-1.88-1.62999995 2.47-.21 1.2-.1.47-1.11zm0-5.13-2.81000003 6.63-7.19.61 5.46 4.72999995-1.64 7.03 6.18000003-3.73 6.18 3.73-1.64-7.03 5.46-4.72999995-7.19-.61z\" fill=\"currentColor\" \/><\/svg>\n\t\t\t\t<\/div>\n\t\t\t<\/div>\n\n\n<h4 class=\"wp-block-heading has-color-accent-text-color has-text-color\" id=\"accessible\">Quality<\/h4>\n\n\n\n<p><\/p>\n<\/div><\/div>\n\n\n\n<div class=\"wp-block-coblocks-feature coblocks-feature-02612631186\"><div class=\"wp-block-coblocks-feature__inner has-palette-3-background-color has-background has-text-color has-palette-1-color has-padding has-medium-padding\"><div class=\"wp-block-coblocks-icon\">\n\t\t\t\t<div class=\"wp-block-coblocks-icon__inner\" style=\"height: 60px; width: 60px;\">\n\t\t\t\t\t<svg fill=\"none\" xmlns=\"http:\/\/www.w3.org\/2000\/svg\" viewBox=\"0 0 24 24\"><path d=\"M10.25 13c0 .69-.56 1.25-1.25 1.25S7.75 13.69 7.75 13s.56-1.25 1.25-1.25 1.25.56 1.25 1.25zM15 11.75c-.69 0-1.25.56-1.25 1.25s.56 1.25 1.25 1.25 1.25-.56 1.25-1.25-.56-1.25-1.25-1.25zm7 .25c0 5.52-4.48 10-10 10S2 17.52 2 12 6.48 2 12 2s10 4.48 10 10zM10.66 4.12C12.06 6.44 14.6 8 17.5 8c.46 0 .91-.05 1.34-.12C17.44 5.56 14.9 4 12 4c-.46 0-.91.05-1.34.12zM4.42 9.47c1.71-.97 3.03-2.55 3.66-4.44C6.37 6 5.05 7.58 4.42 9.47zM20 12c0-.78-.12-1.53-.33-2.24-.7.15-1.42.24-2.17.24-3.13 0-5.92-1.44-7.76-3.69C8.69 8.87 6.6 10.88 4 11.86c.01.04 0 .09 0 .14 0 4.41 3.59 8 8 8s8-3.59 8-8z\" fill=\"currentColor\" \/><\/svg>\n\t\t\t\t<\/div>\n\t\t\t<\/div>\n\n\n<h4 class=\"wp-block-heading\" id=\"customizable\">Customer orientation<\/h4>\n\n\n\n<p><\/p>\n<\/div><\/div>\n\n\n\n<div class=\"wp-block-coblocks-feature coblocks-feature-02612631186\"><div class=\"wp-block-coblocks-feature__inner has-accent-background-color has-background has-text-color has-palette-1-color has-padding has-medium-padding\"><div class=\"wp-block-coblocks-icon\">\n\t\t\t\t<div class=\"wp-block-coblocks-icon__inner has-text-color has-palette-5-color\" style=\"height: 60px; width: 60px;\">\n\t\t\t\t\t<svg fill=\"none\" viewBox=\"0 0 20 20\" xmlns=\"http:\/\/www.w3.org\/2000\/svg\"><path d=\"m10 0c-5.52 0-10 4.48-10 10s4.48 10 10 10 10-4.48 10-10-4.48-10-10-10zm-8 10c0-.61.08-1.21.21-1.78l4.78 4.78v1c0 1.1.9 2 2 2v1.93c-3.93-.5-6.99-3.86-6.99-7.93zm13.89 5.4c-.26-.81-1-1.4-1.9-1.4h-1v-3c0-.55-.45-1-1-1h-6v-2h2c.55 0 1-.45 1-1v-2h2c1.1 0 2-.9 2-2v-.41c2.93 1.18 5.01 4.06 5.01 7.41 0 2.08-.81 3.98-2.11 5.4z\" fill=\"currentColor\" \/><\/svg>\n\t\t\t\t<\/div>\n\t\t\t<\/div>\n\n\n<h4 class=\"wp-block-heading has-palette-5-color has-text-color\" id=\"customizable\">Knowledge<\/h4>\n\n\n\n<p><\/p>\n<\/div><\/div>\n<\/div><\/div>\n<\/div>\n<\/div>\n<\/div>\n\n\n<div style=\"height:64px\" aria-hidden=\"true\" class=\"wp-block-spacer\"><\/div>\n","protected":false},"excerpt":{"rendered":"<div class=\"entry-summary\">\n<div class=\"entry-summary\">\nAuditGMP, an independent and accredited company As an independent and accredited company (ISO 17020), our mission is to carry out thorough and rigorous audits to assess GMP compliance in the Pharmaceutical Industry. We work closely with our clients, providing a&hellip;\n<\/div>\n<div class=\"link-more-container\"><a href=\"https:\/\/auditgmp.net\/en\" class=\"link-more\" aria-label=\"Continue reading AuditGMP\">Continue reading&hellip;<\/a><\/div>\n<\/div>\n<div class=\"link-more-container\"><a href=\"https:\/\/auditgmp.net\/en\" class=\"link-more\" aria-label=\"Continue reading AuditGMP\">Continue reading&hellip;<\/a><\/div>\n","protected":false},"author":1,"featured_media":0,"parent":0,"menu_order":0,"comment_status":"closed","ping_status":"closed","template":"templates\/no-intro.php","meta":{"_coblocks_attr":"","_coblocks_dimensions":"","_coblocks_responsive_height":"","_coblocks_accordion_ie_support":"","footnotes":""},"class_list":["post-1901","page","type-page","status-publish","hentry","entry","entry-type-page"],"yoast_head":"<!-- This site is optimized with the Yoast SEO plugin v21.7 - https:\/\/yoast.com\/wordpress\/plugins\/seo\/ -->\n<title>AuditGMP - AuditGMP<\/title>\n<meta name=\"robots\" content=\"index, follow, max-snippet:-1, max-image-preview:large, max-video-preview:-1\" \/>\n<link rel=\"canonical\" href=\"https:\/\/auditgmp.net\/en\" \/>\n<meta property=\"og:locale\" content=\"en_US\" \/>\n<meta property=\"og:type\" content=\"article\" \/>\n<meta property=\"og:title\" content=\"AuditGMP - AuditGMP\" \/>\n<meta property=\"og:description\" content=\"AuditGMP, an independent and accredited company As an independent and accredited company (ISO 17020), our mission is to carry out thorough and rigorous audits to assess GMP compliance in the Pharmaceutical Industry. We work closely with our clients, providing a&hellip; Continue reading&hellip;\" \/>\n<meta property=\"og:url\" content=\"https:\/\/auditgmp.net\/en\" \/>\n<meta property=\"og:site_name\" content=\"AuditGMP\" \/>\n<meta property=\"article:modified_time\" content=\"2023-11-07T11:30:39+00:00\" \/>\n<meta name=\"twitter:card\" content=\"summary_large_image\" \/>\n<meta name=\"twitter:label1\" content=\"Est. reading time\" \/>\n\t<meta name=\"twitter:data1\" content=\"2 minutes\" \/>\n<script type=\"application\/ld+json\" class=\"yoast-schema-graph\">{\"@context\":\"https:\/\/schema.org\",\"@graph\":[{\"@type\":\"WebPage\",\"@id\":\"https:\/\/auditgmp.net\/en\",\"url\":\"https:\/\/auditgmp.net\/en\",\"name\":\"AuditGMP - AuditGMP\",\"isPartOf\":{\"@id\":\"https:\/\/auditgmp.net\/en#website\"},\"datePublished\":\"2020-01-26T11:20:51+00:00\",\"dateModified\":\"2023-11-07T11:30:39+00:00\",\"breadcrumb\":{\"@id\":\"https:\/\/auditgmp.net\/en#breadcrumb\"},\"inLanguage\":\"en-US\",\"potentialAction\":[{\"@type\":\"ReadAction\",\"target\":[\"https:\/\/auditgmp.net\/en\"]}]},{\"@type\":\"BreadcrumbList\",\"@id\":\"https:\/\/auditgmp.net\/en#breadcrumb\",\"itemListElement\":[{\"@type\":\"ListItem\",\"position\":1,\"name\":\"Portada\",\"item\":\"https:\/\/auditgmp.net\/en\"},{\"@type\":\"ListItem\",\"position\":2,\"name\":\"AuditGMP\"}]},{\"@type\":\"WebSite\",\"@id\":\"https:\/\/auditgmp.net\/en#website\",\"url\":\"https:\/\/auditgmp.net\/en\",\"name\":\"AuditGMP\",\"description\":\"Servicios de auditor\u00edas y certificaci\u00f3n de cumplimiento GMP a la Industria Farmac\u00e9utica\",\"publisher\":{\"@id\":\"https:\/\/auditgmp.net\/en#organization\"},\"potentialAction\":[{\"@type\":\"SearchAction\",\"target\":{\"@type\":\"EntryPoint\",\"urlTemplate\":\"https:\/\/auditgmp.net\/en?s={search_term_string}\"},\"query-input\":\"required name=search_term_string\"}],\"inLanguage\":\"en-US\"},{\"@type\":\"Organization\",\"@id\":\"https:\/\/auditgmp.net\/en#organization\",\"name\":\"AuditGMP\",\"url\":\"https:\/\/auditgmp.net\/en\",\"logo\":{\"@type\":\"ImageObject\",\"inLanguage\":\"en-US\",\"@id\":\"https:\/\/auditgmp.net\/en#\/schema\/logo\/image\/\",\"url\":\"https:\/\/auditgmp.net\/wp-content\/uploads\/2024\/01\/logo-auditgmp01.png\",\"contentUrl\":\"https:\/\/auditgmp.net\/wp-content\/uploads\/2024\/01\/logo-auditgmp01.png\",\"width\":297,\"height\":75,\"caption\":\"AuditGMP\"},\"image\":{\"@id\":\"https:\/\/auditgmp.net\/en#\/schema\/logo\/image\/\"}}]}<\/script>\n<!-- \/ Yoast SEO plugin. -->","yoast_head_json":{"title":"AuditGMP - AuditGMP","robots":{"index":"index","follow":"follow","max-snippet":"max-snippet:-1","max-image-preview":"max-image-preview:large","max-video-preview":"max-video-preview:-1"},"canonical":"https:\/\/auditgmp.net\/en","og_locale":"en_US","og_type":"article","og_title":"AuditGMP - AuditGMP","og_description":"AuditGMP, an independent and accredited company As an independent and accredited company (ISO 17020), our mission is to carry out thorough and rigorous audits to assess GMP compliance in the Pharmaceutical Industry. We work closely with our clients, providing a&hellip; Continue reading&hellip;","og_url":"https:\/\/auditgmp.net\/en","og_site_name":"AuditGMP","article_modified_time":"2023-11-07T11:30:39+00:00","twitter_card":"summary_large_image","twitter_misc":{"Est. reading time":"2 minutes"},"schema":{"@context":"https:\/\/schema.org","@graph":[{"@type":"WebPage","@id":"https:\/\/auditgmp.net\/en","url":"https:\/\/auditgmp.net\/en","name":"AuditGMP - AuditGMP","isPartOf":{"@id":"https:\/\/auditgmp.net\/en#website"},"datePublished":"2020-01-26T11:20:51+00:00","dateModified":"2023-11-07T11:30:39+00:00","breadcrumb":{"@id":"https:\/\/auditgmp.net\/en#breadcrumb"},"inLanguage":"en-US","potentialAction":[{"@type":"ReadAction","target":["https:\/\/auditgmp.net\/en"]}]},{"@type":"BreadcrumbList","@id":"https:\/\/auditgmp.net\/en#breadcrumb","itemListElement":[{"@type":"ListItem","position":1,"name":"Portada","item":"https:\/\/auditgmp.net\/en"},{"@type":"ListItem","position":2,"name":"AuditGMP"}]},{"@type":"WebSite","@id":"https:\/\/auditgmp.net\/en#website","url":"https:\/\/auditgmp.net\/en","name":"AuditGMP","description":"Servicios de auditor\u00edas y certificaci\u00f3n de cumplimiento GMP a la Industria Farmac\u00e9utica","publisher":{"@id":"https:\/\/auditgmp.net\/en#organization"},"potentialAction":[{"@type":"SearchAction","target":{"@type":"EntryPoint","urlTemplate":"https:\/\/auditgmp.net\/en?s={search_term_string}"},"query-input":"required name=search_term_string"}],"inLanguage":"en-US"},{"@type":"Organization","@id":"https:\/\/auditgmp.net\/en#organization","name":"AuditGMP","url":"https:\/\/auditgmp.net\/en","logo":{"@type":"ImageObject","inLanguage":"en-US","@id":"https:\/\/auditgmp.net\/en#\/schema\/logo\/image\/","url":"https:\/\/auditgmp.net\/wp-content\/uploads\/2024\/01\/logo-auditgmp01.png","contentUrl":"https:\/\/auditgmp.net\/wp-content\/uploads\/2024\/01\/logo-auditgmp01.png","width":297,"height":75,"caption":"AuditGMP"},"image":{"@id":"https:\/\/auditgmp.net\/en#\/schema\/logo\/image\/"}}]}},"_links":{"self":[{"href":"https:\/\/auditgmp.net\/en\/wp-json\/wp\/v2\/pages\/1901","targetHints":{"allow":["GET"]}}],"collection":[{"href":"https:\/\/auditgmp.net\/en\/wp-json\/wp\/v2\/pages"}],"about":[{"href":"https:\/\/auditgmp.net\/en\/wp-json\/wp\/v2\/types\/page"}],"author":[{"embeddable":true,"href":"https:\/\/auditgmp.net\/en\/wp-json\/wp\/v2\/users\/1"}],"replies":[{"embeddable":true,"href":"https:\/\/auditgmp.net\/en\/wp-json\/wp\/v2\/comments?post=1901"}],"version-history":[{"count":15,"href":"https:\/\/auditgmp.net\/en\/wp-json\/wp\/v2\/pages\/1901\/revisions"}],"predecessor-version":[{"id":2125,"href":"https:\/\/auditgmp.net\/en\/wp-json\/wp\/v2\/pages\/1901\/revisions\/2125"}],"wp:attachment":[{"href":"https:\/\/auditgmp.net\/en\/wp-json\/wp\/v2\/media?parent=1901"}],"curies":[{"name":"wp","href":"https:\/\/api.w.org\/{rel}","templated":true}]}}